{"id":2919032,"date":"2025-10-27T05:57:12","date_gmt":"2025-10-27T04:57:12","guid":{"rendered":"https:\/\/streetmarkets.fr\/app\/produit\/mitch-wool-blend-shacket\/"},"modified":"2026-03-16T05:49:57","modified_gmt":"2026-03-16T04:49:57","slug":"mitch-wool-blend-shacket","status":"publish","type":"product","link":"https:\/\/streetmarkets.fr\/app\/produit\/mitch-wool-blend-shacket\/","title":{"rendered":"Mitch Wool Blend Shacket"},"content":{"rendered":"<article class=\"text-token-text-primary w-full focus:outline-none [--shadow-height:45px] has-data-writing-block:pointer-events-none has-data-writing-block:-mt-(--shadow-height) has-data-writing-block:pt-(--shadow-height) [&amp;:has([data-writing-block])&gt;*]:pointer-events-auto [content-visibility:auto] supports-[content-visibility:auto]:[contain-intrinsic-size:auto_100lvh] scroll-mt-[calc(var(--header-height)+min(200px,max(70px,20svh)))]\" dir=\"auto\" data-turn-id=\"request-68b03925-65ec-8329-89c4-f6c8f0df9404-1\" data-testid=\"conversation-turn-134\" data-scroll-anchor=\"true\" data-turn=\"assistant\">\n<div class=\"text-base my-auto mx-auto pb-10 [--thread-content-margin:--spacing(4)] thread-sm:[--thread-content-margin:--spacing(6)] thread-lg:[--thread-content-margin:--spacing(16)] px-(--thread-content-margin)\">\n<div class=\"[--thread-content-max-width:40rem] thread-lg:[--thread-content-max-width:48rem] mx-auto max-w-(--thread-content-max-width) flex-1 group\/turn-messages focus-visible:outline-hidden relative flex w-full min-w-0 flex-col agent-turn\">\n<div class=\"flex max-w-full flex-col grow\">\n<div data-message-author-role=\"assistant\" data-message-id=\"de0ce349-755f-4b4c-a0d0-f9e82bd73dd4\" dir=\"auto\" class=\"min-h-8 text-message relative flex w-full flex-col items-end gap-2 text-start break-words whitespace-normal [.text-message+&amp;]:mt-1\" data-message-model-slug=\"gpt-5\">\n<div class=\"flex w-full flex-col gap-1 empty:hidden first:pt-[1px]\">\n<div class=\"markdown prose dark:prose-invert w-full break-words light markdown-new-styling\">\n<p data-start=\"78\" data-end=\"967\" data-is-last-node=\"\" data-is-only-node=\"\">Pr\u00e9parez-vous \u00e0 affronter la nouvelle saison avec style gr\u00e2ce \u00e0 ce <strong data-start=\"145\" data-end=\"175\">blouson chemise polyvalent<\/strong>, parfait pour la mi-saison.<\/p>\n<p data-start=\"78\" data-end=\"967\" data-is-last-node=\"\" data-is-only-node=\"\">Con\u00e7u pour allier confort et \u00e9l\u00e9gance d\u00e9contract\u00e9e, il se distingue par son\u00a0<strong data-start=\"280\" data-end=\"306\">col classique \u00e0 revers<\/strong> et ses <strong data-start=\"314\" data-end=\"354\">manches longues \u00e0 poignets boutonn\u00e9s<\/strong>. Sa <strong data-start=\"359\" data-end=\"382\">fermeture boutonn\u00e9e<\/strong> sur le devant et ses <strong data-start=\"404\" data-end=\"439\">poches plaqu\u00e9es sur la poitrine<\/strong> lui conf\u00e8rent une allure urbaine et fonctionnelle, id\u00e9ale au quotidien.<\/p>\n<p data-start=\"78\" data-end=\"967\" data-is-last-node=\"\" data-is-only-node=\"\">Sa\u00a0<strong data-start=\"515\" data-end=\"531\">coupe courte<\/strong> offre une silhouette moderne et dynamique, facile \u00e0 associer avec un jean ou un pantalon chino.<\/p>\n<p data-start=\"78\" data-end=\"967\" data-is-last-node=\"\" data-is-only-node=\"\">Enti\u00e8rement\u00a0<strong data-start=\"640\" data-end=\"688\">doubl\u00e9 d\u2019un m\u00e9lange de coton et de polyester<\/strong>, ce blouson assure une <strong data-start=\"712\" data-end=\"736\">sensation de douceur<\/strong> tout en limitant les faux plis pour un tomb\u00e9 impeccable tout au long de la journ\u00e9e.<\/p>\n<p data-start=\"78\" data-end=\"967\" data-is-last-node=\"\" data-is-only-node=\"\">Polyvalent et intemporel, il s\u2019impose comme la pi\u00e8ce essentielle pour passer d\u2019une saison \u00e0 l\u2019autre sans compromis sur le style ni sur le confort.<\/p>\n<\/div>\n<\/div>\n<\/div>\n<\/div>\n<div class=\"z-0 flex min-h-[46px] justify-start\"><\/div>\n<div class=\"mt-3 w-full empty:hidden\">\n<div class=\"text-center\"><\/div>\n<\/div>\n<\/div>\n<\/div>\n<\/article>\n","protected":false},"excerpt":{"rendered":"<p>Pr\u00e9parez-vous \u00e0 affronter la nouvelle saison avec style gr\u00e2ce \u00e0 ce blouson chemise polyvalent, parfait pour la mi-saison. Con\u00e7u pour allier confort et \u00e9l\u00e9gance d\u00e9contract\u00e9e, il se distingue par son\u00a0col classique \u00e0 revers et ses manches longues \u00e0 poignets boutonn\u00e9s. Sa fermeture boutonn\u00e9e sur le devant et ses poches plaqu\u00e9es sur la poitrine lui conf\u00e8rent [&hellip;]<\/p>\n","protected":false},"featured_media":2919033,"comment_status":"open","ping_status":"closed","template":"","meta":[],"product_brand":[],"product_cat":[1756,1758],"product_tag":[2244],"acf":[],"_links":{"self":[{"href":"https:\/\/streetmarkets.fr\/app\/wp-json\/wp\/v2\/product\/2919032"}],"collection":[{"href":"https:\/\/streetmarkets.fr\/app\/wp-json\/wp\/v2\/product"}],"about":[{"href":"https:\/\/streetmarkets.fr\/app\/wp-json\/wp\/v2\/types\/product"}],"replies":[{"embeddable":true,"href":"https:\/\/streetmarkets.fr\/app\/wp-json\/wp\/v2\/comments?post=2919032"}],"wp:featuredmedia":[{"embeddable":true,"href":"https:\/\/streetmarkets.fr\/app\/wp-json\/wp\/v2\/media\/2919033"}],"wp:attachment":[{"href":"https:\/\/streetmarkets.fr\/app\/wp-json\/wp\/v2\/media?parent=2919032"}],"wp:term":[{"taxonomy":"product_brand","embeddable":true,"href":"https:\/\/streetmarkets.fr\/app\/wp-json\/wp\/v2\/product_brand?post=2919032"},{"taxonomy":"product_cat","embeddable":true,"href":"https:\/\/streetmarkets.fr\/app\/wp-json\/wp\/v2\/product_cat?post=2919032"},{"taxonomy":"product_tag","embeddable":true,"href":"https:\/\/streetmarkets.fr\/app\/wp-json\/wp\/v2\/product_tag?post=2919032"}],"curies":[{"name":"wp","href":"https:\/\/api.w.org\/{rel}","templated":true}]}}