{"id":2911350,"date":"2025-10-27T00:29:15","date_gmt":"2025-10-26T23:29:15","guid":{"rendered":"https:\/\/streetmarkets.fr\/app\/produit\/trousse-rahana-velours\/"},"modified":"2026-05-02T01:18:30","modified_gmt":"2026-05-01T23:18:30","slug":"trousse-rahana-velours","status":"publish","type":"product","link":"https:\/\/streetmarkets.fr\/app\/produit\/trousse-rahana-velours\/","title":{"rendered":"Trousse Rahana Velours"},"content":{"rendered":"<p><span style=\"text-decoration: underline\"><strong><a title=\"Apaches Collections\" href=\"https:\/\/frenchtouche.com\/collections\/apaches-collections\">Collection Apaches<\/a><\/strong><\/span><\/p>\n<p><span>\u00c9l\u00e9gante et douce, la trousse Rahana en velours conjugue style et praticit\u00e9. Sa poche plaqu\u00e9e permet d\u2019organiser facilement vos accessoires, bijoux ou produits de soin. Un format raffin\u00e9, facile \u00e0 glisser dans un sac pour vous suivre partout.<\/span><\/p>\n<ul>\n<li>100% velours ras de coton<\/li>\n<li>Environ 27 x 18 cm<\/li>\n<li>Matelass\u00e9e et surpiqu\u00e9e<\/li>\n<li>Poche avec fermeture \u00e9claire \u00e0 l&#8217;ext\u00e9rieur\n<\/li>\n<li><span>Conseils d\u2019entretien : Lavage \u00e0 30\u00b0 en cycle d\u00e9licat avec des coloris similaires &#8211; Pas de blanchissant &#8211; Pas de s\u00e8che-linge &#8211; Privil\u00e9giez un s\u00e9chage \u00e0 plat<\/span><\/li>\n<li><span>Confectionn\u00e9e en Inde<\/span><\/li>\n<\/ul>\n","protected":false},"excerpt":{"rendered":"<p>Collection Apaches \u00c9l\u00e9gante et douce, la trousse Rahana en velours conjugue style et praticit\u00e9. Sa poche plaqu\u00e9e permet d\u2019organiser facilement vos accessoires, bijoux ou produits de soin. Un format raffin\u00e9, facile \u00e0 glisser dans un sac pour vous suivre partout. 100% velours ras de coton Environ 27 x 18 cm Matelass\u00e9e et surpiqu\u00e9e Poche avec [&hellip;]<\/p>\n","protected":false},"featured_media":2911351,"comment_status":"open","ping_status":"closed","template":"","meta":[],"product_brand":[],"product_cat":[1756,1764],"product_tag":[2244,1811],"acf":[],"_links":{"self":[{"href":"https:\/\/streetmarkets.fr\/app\/wp-json\/wp\/v2\/product\/2911350"}],"collection":[{"href":"https:\/\/streetmarkets.fr\/app\/wp-json\/wp\/v2\/product"}],"about":[{"href":"https:\/\/streetmarkets.fr\/app\/wp-json\/wp\/v2\/types\/product"}],"replies":[{"embeddable":true,"href":"https:\/\/streetmarkets.fr\/app\/wp-json\/wp\/v2\/comments?post=2911350"}],"wp:featuredmedia":[{"embeddable":true,"href":"https:\/\/streetmarkets.fr\/app\/wp-json\/wp\/v2\/media\/2911351"}],"wp:attachment":[{"href":"https:\/\/streetmarkets.fr\/app\/wp-json\/wp\/v2\/media?parent=2911350"}],"wp:term":[{"taxonomy":"product_brand","embeddable":true,"href":"https:\/\/streetmarkets.fr\/app\/wp-json\/wp\/v2\/product_brand?post=2911350"},{"taxonomy":"product_cat","embeddable":true,"href":"https:\/\/streetmarkets.fr\/app\/wp-json\/wp\/v2\/product_cat?post=2911350"},{"taxonomy":"product_tag","embeddable":true,"href":"https:\/\/streetmarkets.fr\/app\/wp-json\/wp\/v2\/product_tag?post=2911350"}],"curies":[{"name":"wp","href":"https:\/\/api.w.org\/{rel}","templated":true}]}}