{"id":2911250,"date":"2025-10-26T07:46:33","date_gmt":"2025-10-26T06:46:33","guid":{"rendered":"https:\/\/streetmarkets.fr\/app\/produit\/mini-marguerite-or-macon-lesquoy\/"},"modified":"2026-05-10T08:38:52","modified_gmt":"2026-05-10T06:38:52","slug":"mini-marguerite-or-macon-lesquoy","status":"publish","type":"product","link":"https:\/\/streetmarkets.fr\/app\/produit\/mini-marguerite-or-macon-lesquoy\/","title":{"rendered":"Mini marguerite or &#8211; Macon &amp; Lesquoy"},"content":{"rendered":"<p><span>Broche Mini Marguerite Dor\u00e9e<br \/>Taille : environ 3x3cm<\/span><\/p>\n<p><span>Dessin\u00e9es et brod\u00e9es \u00e0 la main avec soin en atelier au Pakistan,\u00a0<\/span><br \/><span>Porteuses de messages et d\u2019attention, elles savent s\u00e9duire en toutes occasions. D\u00e9cal\u00e9es, elles seront la touche d&#8217;originalit\u00e9 de votre tenue.\u00a0\u00a0<\/span><\/p>\n","protected":false},"excerpt":{"rendered":"<p>Broche Mini Marguerite Dor\u00e9eTaille : environ 3x3cm Dessin\u00e9es et brod\u00e9es \u00e0 la main avec soin en atelier au Pakistan,\u00a0Porteuses de messages et d\u2019attention, elles savent s\u00e9duire en toutes occasions. D\u00e9cal\u00e9es, elles seront la touche d&#8217;originalit\u00e9 de votre tenue.\u00a0\u00a0<\/p>\n","protected":false},"featured_media":2911251,"comment_status":"open","ping_status":"closed","template":"","meta":[],"product_brand":[],"product_cat":[1756,1764],"product_tag":[2244],"acf":[],"_links":{"self":[{"href":"https:\/\/streetmarkets.fr\/app\/wp-json\/wp\/v2\/product\/2911250"}],"collection":[{"href":"https:\/\/streetmarkets.fr\/app\/wp-json\/wp\/v2\/product"}],"about":[{"href":"https:\/\/streetmarkets.fr\/app\/wp-json\/wp\/v2\/types\/product"}],"replies":[{"embeddable":true,"href":"https:\/\/streetmarkets.fr\/app\/wp-json\/wp\/v2\/comments?post=2911250"}],"wp:featuredmedia":[{"embeddable":true,"href":"https:\/\/streetmarkets.fr\/app\/wp-json\/wp\/v2\/media\/2911251"}],"wp:attachment":[{"href":"https:\/\/streetmarkets.fr\/app\/wp-json\/wp\/v2\/media?parent=2911250"}],"wp:term":[{"taxonomy":"product_brand","embeddable":true,"href":"https:\/\/streetmarkets.fr\/app\/wp-json\/wp\/v2\/product_brand?post=2911250"},{"taxonomy":"product_cat","embeddable":true,"href":"https:\/\/streetmarkets.fr\/app\/wp-json\/wp\/v2\/product_cat?post=2911250"},{"taxonomy":"product_tag","embeddable":true,"href":"https:\/\/streetmarkets.fr\/app\/wp-json\/wp\/v2\/product_tag?post=2911250"}],"curies":[{"name":"wp","href":"https:\/\/api.w.org\/{rel}","templated":true}]}}