{"id":2906566,"date":"2025-10-26T01:16:37","date_gmt":"2025-10-25T23:16:37","guid":{"rendered":"https:\/\/streetmarkets.fr\/app\/produit\/barrette-6-ovale-martelee-elia-doree\/"},"modified":"2025-11-24T00:16:49","modified_gmt":"2025-11-23T23:16:49","slug":"barrette-6-ovale-martelee-elia-doree","status":"publish","type":"product","link":"https:\/\/streetmarkets.fr\/app\/produit\/barrette-6-ovale-martelee-elia-doree\/","title":{"rendered":"Barrette 6 Ovale Martel\u00e9e Elia dor\u00e9e"},"content":{"rendered":"<p>Une barrette chic et facile \u00e0 vivre pour donner du relief \u00e0 vos m\u00e8ches. Sa finition dor\u00e9e et son effet martel\u00e9 captent joliment la lumi\u00e8re, comme un petit bijou de cheveux. Le format compact (4,6 x 4 cm) se remarque juste ce qu\u2019il faut et se glisse partout : sur le c\u00f4t\u00e9 pour d\u00e9gager le visage, en demi-queue ou pour dompter une frange.<\/p>\n<p>Fabriqu\u00e9e en France, elle apporte une touche \u00e9l\u00e9gante \u00e0 vos looks du quotidien comme aux tenues de soir\u00e9e. L\u2019accessoire parfait pour accessoiriser sans en faire trop, et sublimer une coiffure en un geste.<\/p>\n","protected":false},"excerpt":{"rendered":"<p>Une barrette chic et facile \u00e0 vivre pour donner du relief \u00e0 vos m\u00e8ches. Sa finition dor\u00e9e et son effet martel\u00e9 captent joliment la lumi\u00e8re, comme un petit bijou de cheveux. Le format compact (4,6 x 4 cm) se remarque juste ce qu\u2019il faut et se glisse partout : sur le c\u00f4t\u00e9 pour d\u00e9gager le [&hellip;]<\/p>\n","protected":false},"featured_media":2906567,"comment_status":"open","ping_status":"closed","template":"","meta":[],"product_brand":[],"product_cat":[1756,1764],"product_tag":[1810],"acf":[],"_links":{"self":[{"href":"https:\/\/streetmarkets.fr\/app\/wp-json\/wp\/v2\/product\/2906566"}],"collection":[{"href":"https:\/\/streetmarkets.fr\/app\/wp-json\/wp\/v2\/product"}],"about":[{"href":"https:\/\/streetmarkets.fr\/app\/wp-json\/wp\/v2\/types\/product"}],"replies":[{"embeddable":true,"href":"https:\/\/streetmarkets.fr\/app\/wp-json\/wp\/v2\/comments?post=2906566"}],"wp:featuredmedia":[{"embeddable":true,"href":"https:\/\/streetmarkets.fr\/app\/wp-json\/wp\/v2\/media\/2906567"}],"wp:attachment":[{"href":"https:\/\/streetmarkets.fr\/app\/wp-json\/wp\/v2\/media?parent=2906566"}],"wp:term":[{"taxonomy":"product_brand","embeddable":true,"href":"https:\/\/streetmarkets.fr\/app\/wp-json\/wp\/v2\/product_brand?post=2906566"},{"taxonomy":"product_cat","embeddable":true,"href":"https:\/\/streetmarkets.fr\/app\/wp-json\/wp\/v2\/product_cat?post=2906566"},{"taxonomy":"product_tag","embeddable":true,"href":"https:\/\/streetmarkets.fr\/app\/wp-json\/wp\/v2\/product_tag?post=2906566"}],"curies":[{"name":"wp","href":"https:\/\/api.w.org\/{rel}","templated":true}]}}