{"id":2906562,"date":"2025-10-26T01:16:37","date_gmt":"2025-10-25T23:16:37","guid":{"rendered":"https:\/\/streetmarkets.fr\/app\/produit\/barrette-8-albana-feuillage-doree-et-pierre-verte\/"},"modified":"2025-11-24T00:16:49","modified_gmt":"2025-11-23T23:16:49","slug":"barrette-8-albana-feuillage-doree-et-pierre-verte","status":"publish","type":"product","link":"https:\/\/streetmarkets.fr\/app\/produit\/barrette-8-albana-feuillage-doree-et-pierre-verte\/","title":{"rendered":"Barrette 8 Albana Feuillage Dor\u00e9e et Pierre Verte"},"content":{"rendered":"<p>Un bijou de cheveux au format mini qui fait toute la diff\u00e9rence. Avec sa finition dor\u00e9e et sa pierre verte, cette barrette apporte une touche lumineuse \u00e0 une m\u00e8che, un chignon flou ou une demi-queue. Son motif feuillage capte la lumi\u00e8re sans en faire trop. Compacte (5,5 cm x 1,2 cm), elle se glisse partout et se porte du matin au soir. Fabriqu\u00e9e en France en alliage de zinc, elle combine style et simplicit\u00e9 pour des coiffures faciles au quotidien comme pour les grandes occasions.<\/p>\n","protected":false},"excerpt":{"rendered":"<p>Un bijou de cheveux au format mini qui fait toute la diff\u00e9rence. Avec sa finition dor\u00e9e et sa pierre verte, cette barrette apporte une touche lumineuse \u00e0 une m\u00e8che, un chignon flou ou une demi-queue. Son motif feuillage capte la lumi\u00e8re sans en faire trop. Compacte (5,5 cm x 1,2 cm), elle se glisse partout [&hellip;]<\/p>\n","protected":false},"featured_media":2906563,"comment_status":"open","ping_status":"closed","template":"","meta":[],"product_brand":[],"product_cat":[1756,1764],"product_tag":[1810],"acf":[],"_links":{"self":[{"href":"https:\/\/streetmarkets.fr\/app\/wp-json\/wp\/v2\/product\/2906562"}],"collection":[{"href":"https:\/\/streetmarkets.fr\/app\/wp-json\/wp\/v2\/product"}],"about":[{"href":"https:\/\/streetmarkets.fr\/app\/wp-json\/wp\/v2\/types\/product"}],"replies":[{"embeddable":true,"href":"https:\/\/streetmarkets.fr\/app\/wp-json\/wp\/v2\/comments?post=2906562"}],"wp:featuredmedia":[{"embeddable":true,"href":"https:\/\/streetmarkets.fr\/app\/wp-json\/wp\/v2\/media\/2906563"}],"wp:attachment":[{"href":"https:\/\/streetmarkets.fr\/app\/wp-json\/wp\/v2\/media?parent=2906562"}],"wp:term":[{"taxonomy":"product_brand","embeddable":true,"href":"https:\/\/streetmarkets.fr\/app\/wp-json\/wp\/v2\/product_brand?post=2906562"},{"taxonomy":"product_cat","embeddable":true,"href":"https:\/\/streetmarkets.fr\/app\/wp-json\/wp\/v2\/product_cat?post=2906562"},{"taxonomy":"product_tag","embeddable":true,"href":"https:\/\/streetmarkets.fr\/app\/wp-json\/wp\/v2\/product_tag?post=2906562"}],"curies":[{"name":"wp","href":"https:\/\/api.w.org\/{rel}","templated":true}]}}