{"id":2906558,"date":"2025-10-26T01:16:36","date_gmt":"2025-10-25T23:16:36","guid":{"rendered":"https:\/\/streetmarkets.fr\/app\/produit\/barrette-14-manae-soleil-dore\/"},"modified":"2025-11-24T00:16:48","modified_gmt":"2025-11-23T23:16:48","slug":"barrette-14-manae-soleil-dore","status":"publish","type":"product","link":"https:\/\/streetmarkets.fr\/app\/produit\/barrette-14-manae-soleil-dore\/","title":{"rendered":"Barrette 14 Mana\u00e9 Soleil Dor\u00e9"},"content":{"rendered":"<p>Imm\u00e9diatement chic, cette barrette motif soleil en finition dor\u00e9e illumine la coiffure en un geste. Compacte et l\u00e9g\u00e8re, elle mesure 4,5 x 4,5 cm, l\u2019id\u00e9al pour fixer une m\u00e8che, ponctuer une demi-queue ou habiller un chignon bas. Con\u00e7ue en alliage de zinc et fabriqu\u00e9e en France, elle allie style soign\u00e9 et qualit\u00e9 durable. On adore sa brillance d\u00e9licate qui accroche la lumi\u00e8re sans en faire trop, parfaite du bureau \u00e0 une soir\u00e9e. Facile \u00e0 clipser, elle apporte une touche pr\u00e9cieuse \u00e0 toutes les longueurs de cheveux.<\/p>\n","protected":false},"excerpt":{"rendered":"<p>Imm\u00e9diatement chic, cette barrette motif soleil en finition dor\u00e9e illumine la coiffure en un geste. Compacte et l\u00e9g\u00e8re, elle mesure 4,5 x 4,5 cm, l\u2019id\u00e9al pour fixer une m\u00e8che, ponctuer une demi-queue ou habiller un chignon bas. Con\u00e7ue en alliage de zinc et fabriqu\u00e9e en France, elle allie style soign\u00e9 et qualit\u00e9 durable. On adore [&hellip;]<\/p>\n","protected":false},"featured_media":2906559,"comment_status":"open","ping_status":"closed","template":"","meta":[],"product_brand":[],"product_cat":[1756,1764],"product_tag":[1810],"acf":[],"_links":{"self":[{"href":"https:\/\/streetmarkets.fr\/app\/wp-json\/wp\/v2\/product\/2906558"}],"collection":[{"href":"https:\/\/streetmarkets.fr\/app\/wp-json\/wp\/v2\/product"}],"about":[{"href":"https:\/\/streetmarkets.fr\/app\/wp-json\/wp\/v2\/types\/product"}],"replies":[{"embeddable":true,"href":"https:\/\/streetmarkets.fr\/app\/wp-json\/wp\/v2\/comments?post=2906558"}],"wp:featuredmedia":[{"embeddable":true,"href":"https:\/\/streetmarkets.fr\/app\/wp-json\/wp\/v2\/media\/2906559"}],"wp:attachment":[{"href":"https:\/\/streetmarkets.fr\/app\/wp-json\/wp\/v2\/media?parent=2906558"}],"wp:term":[{"taxonomy":"product_brand","embeddable":true,"href":"https:\/\/streetmarkets.fr\/app\/wp-json\/wp\/v2\/product_brand?post=2906558"},{"taxonomy":"product_cat","embeddable":true,"href":"https:\/\/streetmarkets.fr\/app\/wp-json\/wp\/v2\/product_cat?post=2906558"},{"taxonomy":"product_tag","embeddable":true,"href":"https:\/\/streetmarkets.fr\/app\/wp-json\/wp\/v2\/product_tag?post=2906558"}],"curies":[{"name":"wp","href":"https:\/\/api.w.org\/{rel}","templated":true}]}}