{"id":2906547,"date":"2025-10-26T01:16:32","date_gmt":"2025-10-25T23:16:32","guid":{"rendered":"https:\/\/streetmarkets.fr\/app\/produit\/barrette-23-leana-plume-doree\/"},"modified":"2025-11-24T00:16:47","modified_gmt":"2025-11-23T23:16:47","slug":"barrette-23-leana-plume-doree","status":"publish","type":"product","link":"https:\/\/streetmarkets.fr\/app\/produit\/barrette-23-leana-plume-doree\/","title":{"rendered":"Barrette 23 Leana Plume Dor\u00e9e"},"content":{"rendered":"<p>Inspir\u00e9e par la d\u00e9licatesse d\u2019une plume, cette barrette dor\u00e9e apporte une touche chic en un geste. Son format discret (6,5 x 2,5 cm) glisse facilement dans les cheveux pour fixer une m\u00e8che, sublimer une demi-queue ou ponctuer un chignon sans alourdir la coiffure. Fabriqu\u00e9e en France en m\u00e9tal \u00e0 la finition dor\u00e9e, elle capte la lumi\u00e8re avec \u00e9l\u00e9gance, de la tenue du quotidien aux occasions plus habill\u00e9es. Un petit accessoire qui fait toute la diff\u00e9rence, autant \u00e0 s\u2019offrir qu\u2019\u00e0 offrir.<\/p>\n","protected":false},"excerpt":{"rendered":"<p>Inspir\u00e9e par la d\u00e9licatesse d\u2019une plume, cette barrette dor\u00e9e apporte une touche chic en un geste. Son format discret (6,5 x 2,5 cm) glisse facilement dans les cheveux pour fixer une m\u00e8che, sublimer une demi-queue ou ponctuer un chignon sans alourdir la coiffure. Fabriqu\u00e9e en France en m\u00e9tal \u00e0 la finition dor\u00e9e, elle capte la [&hellip;]<\/p>\n","protected":false},"featured_media":2906548,"comment_status":"open","ping_status":"closed","template":"","meta":[],"product_brand":[],"product_cat":[1756,1764],"product_tag":[1810],"acf":[],"_links":{"self":[{"href":"https:\/\/streetmarkets.fr\/app\/wp-json\/wp\/v2\/product\/2906547"}],"collection":[{"href":"https:\/\/streetmarkets.fr\/app\/wp-json\/wp\/v2\/product"}],"about":[{"href":"https:\/\/streetmarkets.fr\/app\/wp-json\/wp\/v2\/types\/product"}],"replies":[{"embeddable":true,"href":"https:\/\/streetmarkets.fr\/app\/wp-json\/wp\/v2\/comments?post=2906547"}],"wp:featuredmedia":[{"embeddable":true,"href":"https:\/\/streetmarkets.fr\/app\/wp-json\/wp\/v2\/media\/2906548"}],"wp:attachment":[{"href":"https:\/\/streetmarkets.fr\/app\/wp-json\/wp\/v2\/media?parent=2906547"}],"wp:term":[{"taxonomy":"product_brand","embeddable":true,"href":"https:\/\/streetmarkets.fr\/app\/wp-json\/wp\/v2\/product_brand?post=2906547"},{"taxonomy":"product_cat","embeddable":true,"href":"https:\/\/streetmarkets.fr\/app\/wp-json\/wp\/v2\/product_cat?post=2906547"},{"taxonomy":"product_tag","embeddable":true,"href":"https:\/\/streetmarkets.fr\/app\/wp-json\/wp\/v2\/product_tag?post=2906547"}],"curies":[{"name":"wp","href":"https:\/\/api.w.org\/{rel}","templated":true}]}}