{"id":2906535,"date":"2025-10-26T01:16:02","date_gmt":"2025-10-25T23:16:02","guid":{"rendered":"https:\/\/streetmarkets.fr\/app\/produit\/barrette-21-julie-fleur-minimaliste-doree\/"},"modified":"2025-11-24T00:16:18","modified_gmt":"2025-11-23T23:16:18","slug":"barrette-21-julie-fleur-minimaliste-doree","status":"publish","type":"product","link":"https:\/\/streetmarkets.fr\/app\/produit\/barrette-21-julie-fleur-minimaliste-doree\/","title":{"rendered":"Barrette 21 Julie Fleur Minimaliste Dor\u00e9e"},"content":{"rendered":"<p>Une touche d\u2019\u00e9clat en deux secondes. Cette barrette fleur minimaliste sign\u00e9e Bohomane apporte une note dor\u00e9e chic sans en faire trop. Son format 4,5 x 4,5 cm est id\u00e9al pour maintenir une m\u00e8che, finaliser une demi-queue ou sublimer un chignon bas.<br \/>\nFabriqu\u00e9e en France en alliage de zinc, elle m\u00eale design d\u00e9licat et tenue discr\u00e8te pour un rendu \u00e9l\u00e9gant, facile \u00e0 porter du matin au soir. Parfaite comme petite attention qui fait plaisir, ou pour se cr\u00e9er une signature capillaire simple et raffin\u00e9e.<\/p>\n","protected":false},"excerpt":{"rendered":"<p>Une touche d\u2019\u00e9clat en deux secondes. Cette barrette fleur minimaliste sign\u00e9e Bohomane apporte une note dor\u00e9e chic sans en faire trop. Son format 4,5 x 4,5 cm est id\u00e9al pour maintenir une m\u00e8che, finaliser une demi-queue ou sublimer un chignon bas. Fabriqu\u00e9e en France en alliage de zinc, elle m\u00eale design d\u00e9licat et tenue discr\u00e8te [&hellip;]<\/p>\n","protected":false},"featured_media":2906536,"comment_status":"open","ping_status":"closed","template":"","meta":[],"product_brand":[],"product_cat":[1756,1764],"product_tag":[1810],"acf":[],"_links":{"self":[{"href":"https:\/\/streetmarkets.fr\/app\/wp-json\/wp\/v2\/product\/2906535"}],"collection":[{"href":"https:\/\/streetmarkets.fr\/app\/wp-json\/wp\/v2\/product"}],"about":[{"href":"https:\/\/streetmarkets.fr\/app\/wp-json\/wp\/v2\/types\/product"}],"replies":[{"embeddable":true,"href":"https:\/\/streetmarkets.fr\/app\/wp-json\/wp\/v2\/comments?post=2906535"}],"wp:featuredmedia":[{"embeddable":true,"href":"https:\/\/streetmarkets.fr\/app\/wp-json\/wp\/v2\/media\/2906536"}],"wp:attachment":[{"href":"https:\/\/streetmarkets.fr\/app\/wp-json\/wp\/v2\/media?parent=2906535"}],"wp:term":[{"taxonomy":"product_brand","embeddable":true,"href":"https:\/\/streetmarkets.fr\/app\/wp-json\/wp\/v2\/product_brand?post=2906535"},{"taxonomy":"product_cat","embeddable":true,"href":"https:\/\/streetmarkets.fr\/app\/wp-json\/wp\/v2\/product_cat?post=2906535"},{"taxonomy":"product_tag","embeddable":true,"href":"https:\/\/streetmarkets.fr\/app\/wp-json\/wp\/v2\/product_tag?post=2906535"}],"curies":[{"name":"wp","href":"https:\/\/api.w.org\/{rel}","templated":true}]}}