{"id":2906527,"date":"2025-10-26T01:14:21","date_gmt":"2025-10-25T23:14:21","guid":{"rendered":"https:\/\/streetmarkets.fr\/app\/produit\/barrette-25-abby-coeur-martele-dore\/"},"modified":"2025-11-24T00:14:49","modified_gmt":"2025-11-23T23:14:49","slug":"barrette-25-abby-coeur-martele-dore","status":"publish","type":"product","link":"https:\/\/streetmarkets.fr\/app\/produit\/barrette-25-abby-coeur-martele-dore\/","title":{"rendered":"Barrette 25 Abby coeur martel\u00e9 dor\u00e9"},"content":{"rendered":"<p>Une barrette bijou au motif c\u0153ur martel\u00e9 et \u00e0 la finition dor\u00e9e, pens\u00e9e pour sublimer une coiffure en un geste. Son format compact (5,5 x 1,5 cm) retient une m\u00e8che ou une frange et apporte cette touche lumineuse qui change tout, sans en faire trop. Fabriqu\u00e9e en France en alliage de zinc, elle se porte aussi bien au bureau qu\u2019en soir\u00e9e, seule ou en duo. On aime son relief martel\u00e9 qui capte la lumi\u00e8re et son style intemporel, facile \u00e0 offrir et \u00e0 porter, quels que soient les cheveux et l\u2019occasion.<\/p>\n","protected":false},"excerpt":{"rendered":"<p>Une barrette bijou au motif c\u0153ur martel\u00e9 et \u00e0 la finition dor\u00e9e, pens\u00e9e pour sublimer une coiffure en un geste. Son format compact (5,5 x 1,5 cm) retient une m\u00e8che ou une frange et apporte cette touche lumineuse qui change tout, sans en faire trop. Fabriqu\u00e9e en France en alliage de zinc, elle se porte [&hellip;]<\/p>\n","protected":false},"featured_media":2906528,"comment_status":"open","ping_status":"closed","template":"","meta":[],"product_brand":[],"product_cat":[1756,1764],"product_tag":[1810],"acf":[],"_links":{"self":[{"href":"https:\/\/streetmarkets.fr\/app\/wp-json\/wp\/v2\/product\/2906527"}],"collection":[{"href":"https:\/\/streetmarkets.fr\/app\/wp-json\/wp\/v2\/product"}],"about":[{"href":"https:\/\/streetmarkets.fr\/app\/wp-json\/wp\/v2\/types\/product"}],"replies":[{"embeddable":true,"href":"https:\/\/streetmarkets.fr\/app\/wp-json\/wp\/v2\/comments?post=2906527"}],"wp:featuredmedia":[{"embeddable":true,"href":"https:\/\/streetmarkets.fr\/app\/wp-json\/wp\/v2\/media\/2906528"}],"wp:attachment":[{"href":"https:\/\/streetmarkets.fr\/app\/wp-json\/wp\/v2\/media?parent=2906527"}],"wp:term":[{"taxonomy":"product_brand","embeddable":true,"href":"https:\/\/streetmarkets.fr\/app\/wp-json\/wp\/v2\/product_brand?post=2906527"},{"taxonomy":"product_cat","embeddable":true,"href":"https:\/\/streetmarkets.fr\/app\/wp-json\/wp\/v2\/product_cat?post=2906527"},{"taxonomy":"product_tag","embeddable":true,"href":"https:\/\/streetmarkets.fr\/app\/wp-json\/wp\/v2\/product_tag?post=2906527"}],"curies":[{"name":"wp","href":"https:\/\/api.w.org\/{rel}","templated":true}]}}