{"id":2906515,"date":"2025-10-26T01:14:20","date_gmt":"2025-10-25T23:14:20","guid":{"rendered":"https:\/\/streetmarkets.fr\/app\/produit\/barrette-18-liora-texturee-doree\/"},"modified":"2025-11-24T00:14:49","modified_gmt":"2025-11-23T23:14:49","slug":"barrette-18-liora-texturee-doree","status":"publish","type":"product","link":"https:\/\/streetmarkets.fr\/app\/produit\/barrette-18-liora-texturee-doree\/","title":{"rendered":"Barrette 18 Liora textur\u00e9e dor\u00e9e"},"content":{"rendered":"<p>Discr\u00e8te et chic, cette barrette textur\u00e9e dor\u00e9e apporte juste ce qu\u2019il faut d\u2019\u00e9clat \u00e0 une coiffure. Son format compact (5,5 x 1,5 cm) est parfait pour maintenir une petite m\u00e8che, structurer une frange ou souligner un chignon sans alourdir.<\/p>\n<p>On aime sa finition dor\u00e9e d\u00e9licatement textur\u00e9e qui capte la lumi\u00e8re avec \u00e9l\u00e9gance. Fabriqu\u00e9e en France en alliage de zinc, elle accompagne le quotidien comme les jolis jours, et se glisse facilement dans une trousse ou un sac.<\/p>\n<p>Un accessoire cheveux facile \u00e0 porter, pour toutes et tous, qui fait la diff\u00e9rence en une seconde.<\/p>\n","protected":false},"excerpt":{"rendered":"<p>Discr\u00e8te et chic, cette barrette textur\u00e9e dor\u00e9e apporte juste ce qu\u2019il faut d\u2019\u00e9clat \u00e0 une coiffure. Son format compact (5,5 x 1,5 cm) est parfait pour maintenir une petite m\u00e8che, structurer une frange ou souligner un chignon sans alourdir. On aime sa finition dor\u00e9e d\u00e9licatement textur\u00e9e qui capte la lumi\u00e8re avec \u00e9l\u00e9gance. Fabriqu\u00e9e en France [&hellip;]<\/p>\n","protected":false},"featured_media":2906516,"comment_status":"open","ping_status":"closed","template":"","meta":[],"product_brand":[],"product_cat":[1756,1764],"product_tag":[1810],"acf":[],"_links":{"self":[{"href":"https:\/\/streetmarkets.fr\/app\/wp-json\/wp\/v2\/product\/2906515"}],"collection":[{"href":"https:\/\/streetmarkets.fr\/app\/wp-json\/wp\/v2\/product"}],"about":[{"href":"https:\/\/streetmarkets.fr\/app\/wp-json\/wp\/v2\/types\/product"}],"replies":[{"embeddable":true,"href":"https:\/\/streetmarkets.fr\/app\/wp-json\/wp\/v2\/comments?post=2906515"}],"wp:featuredmedia":[{"embeddable":true,"href":"https:\/\/streetmarkets.fr\/app\/wp-json\/wp\/v2\/media\/2906516"}],"wp:attachment":[{"href":"https:\/\/streetmarkets.fr\/app\/wp-json\/wp\/v2\/media?parent=2906515"}],"wp:term":[{"taxonomy":"product_brand","embeddable":true,"href":"https:\/\/streetmarkets.fr\/app\/wp-json\/wp\/v2\/product_brand?post=2906515"},{"taxonomy":"product_cat","embeddable":true,"href":"https:\/\/streetmarkets.fr\/app\/wp-json\/wp\/v2\/product_cat?post=2906515"},{"taxonomy":"product_tag","embeddable":true,"href":"https:\/\/streetmarkets.fr\/app\/wp-json\/wp\/v2\/product_tag?post=2906515"}],"curies":[{"name":"wp","href":"https:\/\/api.w.org\/{rel}","templated":true}]}}