{"id":2906511,"date":"2025-10-26T01:14:19","date_gmt":"2025-10-25T23:14:19","guid":{"rendered":"https:\/\/streetmarkets.fr\/app\/produit\/barrette-17-moka-feuilles-dorees\/"},"modified":"2025-11-24T00:14:49","modified_gmt":"2025-11-23T23:14:49","slug":"barrette-17-moka-feuilles-dorees","status":"publish","type":"product","link":"https:\/\/streetmarkets.fr\/app\/produit\/barrette-17-moka-feuilles-dorees\/","title":{"rendered":"Barrette 17 Moka feuilles dor\u00e9es"},"content":{"rendered":"<p>Une barrette fine et graphique pour accessoiriser la coiffure sans effort. Son fini moka r\u00e9chauff\u00e9 par des feuilles dor\u00e9es apporte une touche boh\u00e8me chic qui va avec tout, du jean \u00e0 la robe du soir. Compacte (5,5 x 1,5 cm), elle assure un maintien l\u00e9ger id\u00e9al pour discipliner une frange, fixer une petite torsade ou twister un chignon bas. En alliage de zinc pour la solidit\u00e9, et fabriqu\u00e9e en France, elle accompagne le quotidien comme les jolis moments.<\/p>\n","protected":false},"excerpt":{"rendered":"<p>Une barrette fine et graphique pour accessoiriser la coiffure sans effort. Son fini moka r\u00e9chauff\u00e9 par des feuilles dor\u00e9es apporte une touche boh\u00e8me chic qui va avec tout, du jean \u00e0 la robe du soir. Compacte (5,5 x 1,5 cm), elle assure un maintien l\u00e9ger id\u00e9al pour discipliner une frange, fixer une petite torsade ou [&hellip;]<\/p>\n","protected":false},"featured_media":2906512,"comment_status":"open","ping_status":"closed","template":"","meta":[],"product_brand":[],"product_cat":[1756,1764],"product_tag":[1810],"acf":[],"_links":{"self":[{"href":"https:\/\/streetmarkets.fr\/app\/wp-json\/wp\/v2\/product\/2906511"}],"collection":[{"href":"https:\/\/streetmarkets.fr\/app\/wp-json\/wp\/v2\/product"}],"about":[{"href":"https:\/\/streetmarkets.fr\/app\/wp-json\/wp\/v2\/types\/product"}],"replies":[{"embeddable":true,"href":"https:\/\/streetmarkets.fr\/app\/wp-json\/wp\/v2\/comments?post=2906511"}],"wp:featuredmedia":[{"embeddable":true,"href":"https:\/\/streetmarkets.fr\/app\/wp-json\/wp\/v2\/media\/2906512"}],"wp:attachment":[{"href":"https:\/\/streetmarkets.fr\/app\/wp-json\/wp\/v2\/media?parent=2906511"}],"wp:term":[{"taxonomy":"product_brand","embeddable":true,"href":"https:\/\/streetmarkets.fr\/app\/wp-json\/wp\/v2\/product_brand?post=2906511"},{"taxonomy":"product_cat","embeddable":true,"href":"https:\/\/streetmarkets.fr\/app\/wp-json\/wp\/v2\/product_cat?post=2906511"},{"taxonomy":"product_tag","embeddable":true,"href":"https:\/\/streetmarkets.fr\/app\/wp-json\/wp\/v2\/product_tag?post=2906511"}],"curies":[{"name":"wp","href":"https:\/\/api.w.org\/{rel}","templated":true}]}}