{"id":2901885,"date":"2025-10-25T02:08:43","date_gmt":"2025-10-25T00:08:43","guid":{"rendered":"https:\/\/streetmarkets.fr\/app\/produit\/nouveau-re-done-top-cami-lace-ribbed-black-precommande\/"},"modified":"2026-05-06T02:05:22","modified_gmt":"2026-05-06T00:05:22","slug":"nouveau-re-done-top-cami-lace-ribbed-black-precommande","status":"publish","type":"product","link":"https:\/\/streetmarkets.fr\/app\/produit\/nouveau-re-done-top-cami-lace-ribbed-black-precommande\/","title":{"rendered":"Nouveau ! RE\/DONE Top Cami Lace Ribbed Black"},"content":{"rendered":"<p data-rte-preserve-empty=\"true\">Top \u00e0 bretelles avec empi\u00e8cement dentelle devant et dos, coupe ajust\u00e9e, \u00e9galement disponible en Off White <\/p>\n<p data-rte-preserve-empty=\"true\">D\u00e9tail : 91% rayonne, 9% spandex <\/p>\n","protected":false},"excerpt":{"rendered":"<p>Top \u00e0 bretelles avec empi\u00e8cement dentelle devant et dos, coupe ajust\u00e9e, \u00e9galement disponible en Off White D\u00e9tail : 91% rayonne, 9% spandex<\/p>\n","protected":false},"featured_media":2901886,"comment_status":"open","ping_status":"closed","template":"","meta":[],"product_brand":[],"product_cat":[1756,1762],"product_tag":[2244,1811],"acf":[],"_links":{"self":[{"href":"https:\/\/streetmarkets.fr\/app\/wp-json\/wp\/v2\/product\/2901885"}],"collection":[{"href":"https:\/\/streetmarkets.fr\/app\/wp-json\/wp\/v2\/product"}],"about":[{"href":"https:\/\/streetmarkets.fr\/app\/wp-json\/wp\/v2\/types\/product"}],"replies":[{"embeddable":true,"href":"https:\/\/streetmarkets.fr\/app\/wp-json\/wp\/v2\/comments?post=2901885"}],"wp:featuredmedia":[{"embeddable":true,"href":"https:\/\/streetmarkets.fr\/app\/wp-json\/wp\/v2\/media\/2901886"}],"wp:attachment":[{"href":"https:\/\/streetmarkets.fr\/app\/wp-json\/wp\/v2\/media?parent=2901885"}],"wp:term":[{"taxonomy":"product_brand","embeddable":true,"href":"https:\/\/streetmarkets.fr\/app\/wp-json\/wp\/v2\/product_brand?post=2901885"},{"taxonomy":"product_cat","embeddable":true,"href":"https:\/\/streetmarkets.fr\/app\/wp-json\/wp\/v2\/product_cat?post=2901885"},{"taxonomy":"product_tag","embeddable":true,"href":"https:\/\/streetmarkets.fr\/app\/wp-json\/wp\/v2\/product_tag?post=2901885"}],"curies":[{"name":"wp","href":"https:\/\/api.w.org\/{rel}","templated":true}]}}