{"id":2901865,"date":"2025-10-25T02:07:57","date_gmt":"2025-10-25T00:07:57","guid":{"rendered":"https:\/\/streetmarkets.fr\/app\/produit\/nouveau-re-done-sweat-mickey-mouse-vintage-white-precommande\/"},"modified":"2026-05-13T02:03:34","modified_gmt":"2026-05-13T00:03:34","slug":"nouveau-re-done-sweat-mickey-mouse-vintage-white-precommande","status":"publish","type":"product","link":"https:\/\/streetmarkets.fr\/app\/produit\/nouveau-re-done-sweat-mickey-mouse-vintage-white-precommande\/","title":{"rendered":"Nouveau ! RE\/DONE Sweat Mickey Mouse Vintage White"},"content":{"rendered":"<p data-rte-preserve-empty=\"true\">Sweat Disney Mickey Mouse, coupe ample, manches longues et poignets resserr\u00e9s, emmanchure large. Tout mignon. <\/p>\n<p data-rte-preserve-empty=\"true\">D\u00e9tail : 70% coton, 30% coton recycl\u00e9<\/p>\n","protected":false},"excerpt":{"rendered":"<p>Sweat Disney Mickey Mouse, coupe ample, manches longues et poignets resserr\u00e9s, emmanchure large. Tout mignon. D\u00e9tail : 70% coton, 30% coton recycl\u00e9<\/p>\n","protected":false},"featured_media":2901866,"comment_status":"open","ping_status":"closed","template":"","meta":[],"product_brand":[],"product_cat":[1756,1762],"product_tag":[2244],"acf":[],"_links":{"self":[{"href":"https:\/\/streetmarkets.fr\/app\/wp-json\/wp\/v2\/product\/2901865"}],"collection":[{"href":"https:\/\/streetmarkets.fr\/app\/wp-json\/wp\/v2\/product"}],"about":[{"href":"https:\/\/streetmarkets.fr\/app\/wp-json\/wp\/v2\/types\/product"}],"replies":[{"embeddable":true,"href":"https:\/\/streetmarkets.fr\/app\/wp-json\/wp\/v2\/comments?post=2901865"}],"wp:featuredmedia":[{"embeddable":true,"href":"https:\/\/streetmarkets.fr\/app\/wp-json\/wp\/v2\/media\/2901866"}],"wp:attachment":[{"href":"https:\/\/streetmarkets.fr\/app\/wp-json\/wp\/v2\/media?parent=2901865"}],"wp:term":[{"taxonomy":"product_brand","embeddable":true,"href":"https:\/\/streetmarkets.fr\/app\/wp-json\/wp\/v2\/product_brand?post=2901865"},{"taxonomy":"product_cat","embeddable":true,"href":"https:\/\/streetmarkets.fr\/app\/wp-json\/wp\/v2\/product_cat?post=2901865"},{"taxonomy":"product_tag","embeddable":true,"href":"https:\/\/streetmarkets.fr\/app\/wp-json\/wp\/v2\/product_tag?post=2901865"}],"curies":[{"name":"wp","href":"https:\/\/api.w.org\/{rel}","templated":true}]}}