{"id":2901825,"date":"2025-10-25T02:07:52","date_gmt":"2025-10-25T00:07:52","guid":{"rendered":"https:\/\/streetmarkets.fr\/app\/produit\/nouveau-re-done-jean-the-slim-cig-back-to-black-precommande\/"},"modified":"2026-05-06T02:03:28","modified_gmt":"2026-05-06T00:03:28","slug":"nouveau-re-done-jean-the-slim-cig-back-to-black-precommande","status":"publish","type":"product","link":"https:\/\/streetmarkets.fr\/app\/produit\/nouveau-re-done-jean-the-slim-cig-back-to-black-precommande\/","title":{"rendered":"Nouveau ! RE\/DONE Jean The Slim Cig Back To Black"},"content":{"rendered":"<p data-rte-preserve-empty=\"true\">Le slim \u00e0 la Kate Moss fait son grand retour, le Slim Cig en Back To Black, taille basse, coupe cigarette, \u00e9troite, pr\u00e9s du corps, dans un coton stretch hyper confort et un noir d\u00e9lav\u00e9 qui se mixe avec tout. <\/p>\n<p data-rte-preserve-empty=\"true\">D\u00e9tail : 95% coton, 4% \u00e9lasthanne, 1% lycra <\/p>\n","protected":false},"excerpt":{"rendered":"<p>Le slim \u00e0 la Kate Moss fait son grand retour, le Slim Cig en Back To Black, taille basse, coupe cigarette, \u00e9troite, pr\u00e9s du corps, dans un coton stretch hyper confort et un noir d\u00e9lav\u00e9 qui se mixe avec tout. D\u00e9tail : 95% coton, 4% \u00e9lasthanne, 1% lycra<\/p>\n","protected":false},"featured_media":2901826,"comment_status":"open","ping_status":"closed","template":"","meta":[],"product_brand":[],"product_cat":[1756,1762],"product_tag":[2244],"acf":[],"_links":{"self":[{"href":"https:\/\/streetmarkets.fr\/app\/wp-json\/wp\/v2\/product\/2901825"}],"collection":[{"href":"https:\/\/streetmarkets.fr\/app\/wp-json\/wp\/v2\/product"}],"about":[{"href":"https:\/\/streetmarkets.fr\/app\/wp-json\/wp\/v2\/types\/product"}],"replies":[{"embeddable":true,"href":"https:\/\/streetmarkets.fr\/app\/wp-json\/wp\/v2\/comments?post=2901825"}],"wp:featuredmedia":[{"embeddable":true,"href":"https:\/\/streetmarkets.fr\/app\/wp-json\/wp\/v2\/media\/2901826"}],"wp:attachment":[{"href":"https:\/\/streetmarkets.fr\/app\/wp-json\/wp\/v2\/media?parent=2901825"}],"wp:term":[{"taxonomy":"product_brand","embeddable":true,"href":"https:\/\/streetmarkets.fr\/app\/wp-json\/wp\/v2\/product_brand?post=2901825"},{"taxonomy":"product_cat","embeddable":true,"href":"https:\/\/streetmarkets.fr\/app\/wp-json\/wp\/v2\/product_cat?post=2901825"},{"taxonomy":"product_tag","embeddable":true,"href":"https:\/\/streetmarkets.fr\/app\/wp-json\/wp\/v2\/product_tag?post=2901825"}],"curies":[{"name":"wp","href":"https:\/\/api.w.org\/{rel}","templated":true}]}}