{"id":2901592,"date":"2025-10-25T01:26:25","date_gmt":"2025-10-24T23:26:25","guid":{"rendered":"https:\/\/streetmarkets.fr\/app\/produit\/mini-pochette-mana-velours\/"},"modified":"2026-05-06T01:17:19","modified_gmt":"2026-05-05T23:17:19","slug":"mini-pochette-mana-velours","status":"publish","type":"product","link":"https:\/\/streetmarkets.fr\/app\/produit\/mini-pochette-mana-velours\/","title":{"rendered":"Mini Pochette Mana Velours"},"content":{"rendered":"<p><span style=\"text-decoration: underline\"><strong><a href=\"https:\/\/frenchtouche.com\/collections\/apaches-collections\" title=\"Apaches Collections\">Collection Apaches<\/a><\/strong><\/span><\/p>\n<p><span>Adorable mini pochette en velours, Mana, pourra accueillir vos papiers d&#8217;identit\u00e9, petits bijoux ou autres petits objets pr\u00e9cieux. Son petit format la rend indispensable et pratique, car elle peut facilement se glisser dans tous les sacs.<\/span><\/p>\n<ul>\n<li>100% velours ras de coton<\/li>\n<li>Environ 19 x 24 cm<\/li>\n<li>Matelass\u00e9e et surpiqu\u00e9e<\/li>\n<li>Fermeture \u00e9clair<\/li>\n<li><span>Conseils d\u2019entretien : Lavage \u00e0 30\u00b0 en cycle d\u00e9licat avec des coloris similaires &#8211; Pas de blanchissant &#8211; Pas de s\u00e8che-linge &#8211; Privil\u00e9giez un s\u00e9chage \u00e0 plat<\/span><\/li>\n<li><span>Confectionn\u00e9e en Inde<\/span><\/li>\n<\/ul>\n","protected":false},"excerpt":{"rendered":"<p>Collection Apaches Adorable mini pochette en velours, Mana, pourra accueillir vos papiers d&#8217;identit\u00e9, petits bijoux ou autres petits objets pr\u00e9cieux. Son petit format la rend indispensable et pratique, car elle peut facilement se glisser dans tous les sacs. 100% velours ras de coton Environ 19 x 24 cm Matelass\u00e9e et surpiqu\u00e9e Fermeture \u00e9clair Conseils d\u2019entretien [&hellip;]<\/p>\n","protected":false},"featured_media":2901593,"comment_status":"open","ping_status":"closed","template":"","meta":[],"product_brand":[],"product_cat":[1756,1764],"product_tag":[2244],"acf":[],"_links":{"self":[{"href":"https:\/\/streetmarkets.fr\/app\/wp-json\/wp\/v2\/product\/2901592"}],"collection":[{"href":"https:\/\/streetmarkets.fr\/app\/wp-json\/wp\/v2\/product"}],"about":[{"href":"https:\/\/streetmarkets.fr\/app\/wp-json\/wp\/v2\/types\/product"}],"replies":[{"embeddable":true,"href":"https:\/\/streetmarkets.fr\/app\/wp-json\/wp\/v2\/comments?post=2901592"}],"wp:featuredmedia":[{"embeddable":true,"href":"https:\/\/streetmarkets.fr\/app\/wp-json\/wp\/v2\/media\/2901593"}],"wp:attachment":[{"href":"https:\/\/streetmarkets.fr\/app\/wp-json\/wp\/v2\/media?parent=2901592"}],"wp:term":[{"taxonomy":"product_brand","embeddable":true,"href":"https:\/\/streetmarkets.fr\/app\/wp-json\/wp\/v2\/product_brand?post=2901592"},{"taxonomy":"product_cat","embeddable":true,"href":"https:\/\/streetmarkets.fr\/app\/wp-json\/wp\/v2\/product_cat?post=2901592"},{"taxonomy":"product_tag","embeddable":true,"href":"https:\/\/streetmarkets.fr\/app\/wp-json\/wp\/v2\/product_tag?post=2901592"}],"curies":[{"name":"wp","href":"https:\/\/api.w.org\/{rel}","templated":true}]}}