{"id":2901575,"date":"2025-10-25T01:26:24","date_gmt":"2025-10-24T23:26:24","guid":{"rendered":"https:\/\/streetmarkets.fr\/app\/produit\/petite-enveloppe-ravi-velours\/"},"modified":"2026-04-11T01:18:27","modified_gmt":"2026-04-10T23:18:27","slug":"petite-enveloppe-ravi-velours","status":"publish","type":"product","link":"https:\/\/streetmarkets.fr\/app\/produit\/petite-enveloppe-ravi-velours\/","title":{"rendered":"Petite Enveloppe Ravi Velours"},"content":{"rendered":"<p><span style=\"text-decoration: underline\"><strong><a title=\"Apaches Collections\" href=\"https:\/\/frenchtouche.com\/collections\/apaches-collections\">Collection Apaches<\/a><\/strong><\/span><\/p>\n<p><span>Petite pochette en velours en forme d&#8217;enveloppe, parfaite pour y ranger \u00e9couteurs, petits bijoux ou papiers d&#8217;identit\u00e9. Ultra pratique, cette petite enveloppe Ravi est facile \u00e0 glisser dans son sac \u00e0 main !<\/span><em><\/em><\/p>\n<ul>\n<li>100% velours ras de coton<\/li>\n<li>Environ 10 x 14 cm\n<\/li>\n<li>Matelass\u00e9e et surpiqu\u00e9e<\/li>\n<li>Fermeture par bouton pression<\/li>\n<li><span>Conseils d\u2019entretien : Lavage \u00e0 30\u00b0 en cycle d\u00e9licat avec des coloris similaires &#8211; Pas de blanchissant &#8211; Pas de s\u00e8che-linge &#8211; Privil\u00e9giez un s\u00e9chage \u00e0 plat<\/span><\/li>\n<li><span>Confectionn\u00e9e en Inde<\/span><\/li>\n<\/ul>\n","protected":false},"excerpt":{"rendered":"<p>Collection Apaches Petite pochette en velours en forme d&#8217;enveloppe, parfaite pour y ranger \u00e9couteurs, petits bijoux ou papiers d&#8217;identit\u00e9. Ultra pratique, cette petite enveloppe Ravi est facile \u00e0 glisser dans son sac \u00e0 main ! 100% velours ras de coton Environ 10 x 14 cm Matelass\u00e9e et surpiqu\u00e9e Fermeture par bouton pression Conseils d\u2019entretien : [&hellip;]<\/p>\n","protected":false},"featured_media":2901576,"comment_status":"open","ping_status":"closed","template":"","meta":[],"product_brand":[],"product_cat":[1756,1764],"product_tag":[2244],"acf":[],"_links":{"self":[{"href":"https:\/\/streetmarkets.fr\/app\/wp-json\/wp\/v2\/product\/2901575"}],"collection":[{"href":"https:\/\/streetmarkets.fr\/app\/wp-json\/wp\/v2\/product"}],"about":[{"href":"https:\/\/streetmarkets.fr\/app\/wp-json\/wp\/v2\/types\/product"}],"replies":[{"embeddable":true,"href":"https:\/\/streetmarkets.fr\/app\/wp-json\/wp\/v2\/comments?post=2901575"}],"wp:featuredmedia":[{"embeddable":true,"href":"https:\/\/streetmarkets.fr\/app\/wp-json\/wp\/v2\/media\/2901576"}],"wp:attachment":[{"href":"https:\/\/streetmarkets.fr\/app\/wp-json\/wp\/v2\/media?parent=2901575"}],"wp:term":[{"taxonomy":"product_brand","embeddable":true,"href":"https:\/\/streetmarkets.fr\/app\/wp-json\/wp\/v2\/product_brand?post=2901575"},{"taxonomy":"product_cat","embeddable":true,"href":"https:\/\/streetmarkets.fr\/app\/wp-json\/wp\/v2\/product_cat?post=2901575"},{"taxonomy":"product_tag","embeddable":true,"href":"https:\/\/streetmarkets.fr\/app\/wp-json\/wp\/v2\/product_tag?post=2901575"}],"curies":[{"name":"wp","href":"https:\/\/api.w.org\/{rel}","templated":true}]}}