{"id":2901552,"date":"2025-10-25T01:26:23","date_gmt":"2025-10-24T23:26:23","guid":{"rendered":"https:\/\/streetmarkets.fr\/app\/produit\/chouchou-manju-velours\/"},"modified":"2026-05-09T01:16:38","modified_gmt":"2026-05-08T23:16:38","slug":"chouchou-manju-velours","status":"publish","type":"product","link":"https:\/\/streetmarkets.fr\/app\/produit\/chouchou-manju-velours\/","title":{"rendered":"Chouchou Manju Velours"},"content":{"rendered":"<p><strong style=\"font-family: -apple-system, BlinkMacSystemFont, 'San Francisco', 'Segoe UI', Roboto, 'Helvetica Neue', sans-serif;font-size: 0.875rem\"><a title=\"Apaches Collections\" href=\"https:\/\/frenchtouche.com\/collections\/apaches-collections\">Collection Apaches<\/a><\/strong><\/p>\n<p><span>Au poign\u00e9e ou dans les cheveux, \u00e0 offrir ou \u00e0 s&#8217;offrir, ces jolis chouchous en velours illumineront vos looks et votre hiver !<\/span><\/p>\n<ul>\n<li>100% velours ras de coton<\/li>\n<li>Diam\u00e8tre environ 12 cm\n<\/li>\n<li>\n <span>Conseils d\u2019entretien : Lavage \u00e0 30\u00b0 en cycle d\u00e9licat avec des coloris similaires &#8211; Pas de blanchissant &#8211; Pas de s\u00e8che-linge &#8211; Privil\u00e9giez un s\u00e9chage \u00e0 plat<\/span>\n<\/li>\n<li>\n <span>Confectionn\u00e9 en Inde<\/span>\n<\/li>\n<\/ul>\n","protected":false},"excerpt":{"rendered":"<p>Collection Apaches Au poign\u00e9e ou dans les cheveux, \u00e0 offrir ou \u00e0 s&#8217;offrir, ces jolis chouchous en velours illumineront vos looks et votre hiver ! 100% velours ras de coton Diam\u00e8tre environ 12 cm Conseils d\u2019entretien : Lavage \u00e0 30\u00b0 en cycle d\u00e9licat avec des coloris similaires &#8211; Pas de blanchissant &#8211; Pas de s\u00e8che-linge [&hellip;]<\/p>\n","protected":false},"featured_media":2901553,"comment_status":"open","ping_status":"closed","template":"","meta":[],"product_brand":[],"product_cat":[1756,1764],"product_tag":[2244],"acf":[],"_links":{"self":[{"href":"https:\/\/streetmarkets.fr\/app\/wp-json\/wp\/v2\/product\/2901552"}],"collection":[{"href":"https:\/\/streetmarkets.fr\/app\/wp-json\/wp\/v2\/product"}],"about":[{"href":"https:\/\/streetmarkets.fr\/app\/wp-json\/wp\/v2\/types\/product"}],"replies":[{"embeddable":true,"href":"https:\/\/streetmarkets.fr\/app\/wp-json\/wp\/v2\/comments?post=2901552"}],"wp:featuredmedia":[{"embeddable":true,"href":"https:\/\/streetmarkets.fr\/app\/wp-json\/wp\/v2\/media\/2901553"}],"wp:attachment":[{"href":"https:\/\/streetmarkets.fr\/app\/wp-json\/wp\/v2\/media?parent=2901552"}],"wp:term":[{"taxonomy":"product_brand","embeddable":true,"href":"https:\/\/streetmarkets.fr\/app\/wp-json\/wp\/v2\/product_brand?post=2901552"},{"taxonomy":"product_cat","embeddable":true,"href":"https:\/\/streetmarkets.fr\/app\/wp-json\/wp\/v2\/product_cat?post=2901552"},{"taxonomy":"product_tag","embeddable":true,"href":"https:\/\/streetmarkets.fr\/app\/wp-json\/wp\/v2\/product_tag?post=2901552"}],"curies":[{"name":"wp","href":"https:\/\/api.w.org\/{rel}","templated":true}]}}