{"id":2901545,"date":"2025-10-25T01:26:22","date_gmt":"2025-10-24T23:26:22","guid":{"rendered":"https:\/\/streetmarkets.fr\/app\/produit\/carre-dhiver-799-toffee\/"},"modified":"2026-05-09T01:16:38","modified_gmt":"2026-05-08T23:16:38","slug":"carre-dhiver-799-toffee","status":"publish","type":"product","link":"https:\/\/streetmarkets.fr\/app\/produit\/carre-dhiver-799-toffee\/","title":{"rendered":"Carr\u00e9 d&#8217;Hiver 799 Toffee"},"content":{"rendered":"<p><a href=\"\/collections\/moismont\" title=\"Collection Moismont\"><strong>Collection Moismont<\/strong><\/a><\/p>\n<p>Foulard Design N\u00b0799 Toffee<span><\/span><\/p>\n<div class=\"product-single__description rte\">\n<p class=\"MsoNormal\">Le foulard N\u00b0799 revisite avec \u00e9l\u00e9gance l\u2019iconique tartan \u00e9cossais, cr\u00e9ant un subtil jeu de lignes fines et contrast\u00e9es. Inspir\u00e9 par le clan McLean, un des plus anciens et influents d\u2019\u00c9cosse, ce tartan porte l\u2019histoire, l\u2019identit\u00e9 et le territoire de ce clan reconnu. Traditionnellement port\u00e9 sous forme de kilts, il symbolise l\u2019appartenance \u00e0 une communaut\u00e9 forte, riche en h\u00e9ritage.<\/p>\n<p class=\"MsoNormal\" data-start=\"668\" data-end=\"1010\">Tiss\u00e9 \u00e0 la main en Inde dans un pr\u00e9cieux m\u00e9lange de cachemire et de laine, ce foulard allie la chaleur naturelle de la laine \u00e0 la douceur enveloppante du cachemire. Son motif de petits carreaux incarne un style \u00e0 la fois classique et moderne, reflet du savoir-faire artisanal et de l\u2019esth\u00e9tique contemporaine Moismont.<\/p>\n<ul>\n<li class=\"MsoNormal\">80% laine 20% cachemire, alliance de chaleur et de douceur<\/li>\n<li class=\"MsoNormal\">Motif tartan \u00e9cossais, petits carreaux classiques<\/li>\n<li class=\"MsoNormal\">Format carr\u00e9 90 x 90 cm, facile \u00e0 porter de multiples fa\u00e7ons<\/li>\n<li class=\"MsoNormal\">Finitions bords frang\u00e9s, pour un effet l\u00e9ger et naturel<\/li>\n<li class=\"MsoNormal\">Broderie &#8220;M&#8221; signature, gage d\u2019authenticit\u00e9<\/li>\n<li class=\"MsoNormal\">Accessoire durable et polyvalent, id\u00e9al en toute saison<\/li>\n<li class=\"MsoNormal\">Dessin\u00e9 en France<\/li>\n<li class=\"MsoNormal\">Fabriqu\u00e9 artisanalement en Inde<\/li>\n<\/ul>\n<\/div>\n<div class=\"product-single__description rte\">Le foulard peut comporter quelques irr\u00e9gularit\u00e9s qui font tout le charme de sa conception artisanale.<\/div>\n<div class=\"product-single__description rte\">\n<br \/>Conseils\u00a0d&#8217;entretien :<br \/>La laine est une fibre d\u00e9licate qui n\u00e9cessite d\u2019\u00eatre entretenue avec soin. Pour pr\u00e9server la beaut\u00e9 de votre foulard nous vous recommandons de l&#8217;\u00e9tendre apr\u00e8s usage afin de l&#8217;a\u00e9rer. Conservez-le d\u00e9nou\u00e9 et \u00e0 plat pour \u00e9viter de le froisser. Le repassage est d\u00e9conseill\u00e9.<span><\/span>\n<\/div>\n","protected":false},"excerpt":{"rendered":"<p>Collection Moismont Foulard Design N\u00b0799 Toffee Le foulard N\u00b0799 revisite avec \u00e9l\u00e9gance l\u2019iconique tartan \u00e9cossais, cr\u00e9ant un subtil jeu de lignes fines et contrast\u00e9es. Inspir\u00e9 par le clan McLean, un des plus anciens et influents d\u2019\u00c9cosse, ce tartan porte l\u2019histoire, l\u2019identit\u00e9 et le territoire de ce clan reconnu. Traditionnellement port\u00e9 sous forme de kilts, il [&hellip;]<\/p>\n","protected":false},"featured_media":2901546,"comment_status":"open","ping_status":"closed","template":"","meta":[],"product_brand":[],"product_cat":[1756,1764],"product_tag":[2244],"acf":[],"_links":{"self":[{"href":"https:\/\/streetmarkets.fr\/app\/wp-json\/wp\/v2\/product\/2901545"}],"collection":[{"href":"https:\/\/streetmarkets.fr\/app\/wp-json\/wp\/v2\/product"}],"about":[{"href":"https:\/\/streetmarkets.fr\/app\/wp-json\/wp\/v2\/types\/product"}],"replies":[{"embeddable":true,"href":"https:\/\/streetmarkets.fr\/app\/wp-json\/wp\/v2\/comments?post=2901545"}],"wp:featuredmedia":[{"embeddable":true,"href":"https:\/\/streetmarkets.fr\/app\/wp-json\/wp\/v2\/media\/2901546"}],"wp:attachment":[{"href":"https:\/\/streetmarkets.fr\/app\/wp-json\/wp\/v2\/media?parent=2901545"}],"wp:term":[{"taxonomy":"product_brand","embeddable":true,"href":"https:\/\/streetmarkets.fr\/app\/wp-json\/wp\/v2\/product_brand?post=2901545"},{"taxonomy":"product_cat","embeddable":true,"href":"https:\/\/streetmarkets.fr\/app\/wp-json\/wp\/v2\/product_cat?post=2901545"},{"taxonomy":"product_tag","embeddable":true,"href":"https:\/\/streetmarkets.fr\/app\/wp-json\/wp\/v2\/product_tag?post=2901545"}],"curies":[{"name":"wp","href":"https:\/\/api.w.org\/{rel}","templated":true}]}}