{"id":2901522,"date":"2025-10-25T01:26:21","date_gmt":"2025-10-24T23:26:21","guid":{"rendered":"https:\/\/streetmarkets.fr\/app\/produit\/porte-cartes-cuir-orange\/"},"modified":"2026-04-18T01:17:37","modified_gmt":"2026-04-17T23:17:37","slug":"porte-cartes-cuir-orange","status":"publish","type":"product","link":"https:\/\/streetmarkets.fr\/app\/produit\/porte-cartes-cuir-orange\/","title":{"rendered":"Porte-Cartes Cuir Orange"},"content":{"rendered":"<p><a href=\"https:\/\/frenchtouche.com\/collections\/escuyer\" title=\"Collection Escuyer\"><span><strong>Collection Escuyer<\/strong><\/span><\/a><\/p>\n<p>Un porte-cartes en cuir simple et sophistiqu\u00e9 pour cartes et billets pli\u00e9s.\u00a0Ce\u00a0porte-cartes est fabriqu\u00e9 par des artisans portugais \u00e0 partir de cuir italien lisse au tannage v\u00e9g\u00e9tal. Lors de son utilisation, ce porte-cartes fait main sera aussi individuel que vous et acquerra au fil du temps une riche patine.<\/p>\n<p>\u00c0 propos du cuir : La Tannerie est situ\u00e9e en Toscane, en Italie. Ils produisent certains des plus beaux cuirs tann\u00e9s v\u00e9g\u00e9taux au monde. Leur cuir offre une belle apparence, un toucher et une odeur magnifiques. Ils sont fiers d&#8217;\u00eatre membres du v\u00e9ritable consortium italien de cuir tann\u00e9 v\u00e9g\u00e9tal.<\/p>\n<p>Fabriqu\u00e9 \u00e0 la main au Portugal, dans une petite usine sp\u00e9cialis\u00e9e dans la petite maroquinerie.<\/p>\n<ul>\n<li>Cuir italien tann\u00e9 v\u00e9g\u00e9tal<\/li>\n<li>Bords peints \u00e0 la main<\/li>\n<li>Dimensions : environ 10 x 7 cm<\/li>\n<li>Peut contenir 6 cartes<\/li>\n<li>2 emplacements pour cartes \u00e0 l&#8217;avant et 1 \u00e0 l&#8217;arri\u00e8re<\/li>\n<li>Section centrale pour les\u00a0billets pli\u00e9s et les cartes suppl\u00e9mentaires<\/li>\n<li>Peinture organique<\/li>\n<li>Logo Escuyer dor\u00e9<\/li>\n<li>Livr\u00e9 dans une bo\u00eete de pr\u00e9sentation<\/li>\n<li>Fait \u00e0 la main au Portugal\u00a0<\/li>\n<\/ul>\n","protected":false},"excerpt":{"rendered":"<p>Collection Escuyer Un porte-cartes en cuir simple et sophistiqu\u00e9 pour cartes et billets pli\u00e9s.\u00a0Ce\u00a0porte-cartes est fabriqu\u00e9 par des artisans portugais \u00e0 partir de cuir italien lisse au tannage v\u00e9g\u00e9tal. Lors de son utilisation, ce porte-cartes fait main sera aussi individuel que vous et acquerra au fil du temps une riche patine. \u00c0 propos du cuir [&hellip;]<\/p>\n","protected":false},"featured_media":2901524,"comment_status":"open","ping_status":"closed","template":"","meta":[],"product_brand":[],"product_cat":[1756,1764,1760],"product_tag":[2244],"acf":[],"_links":{"self":[{"href":"https:\/\/streetmarkets.fr\/app\/wp-json\/wp\/v2\/product\/2901522"}],"collection":[{"href":"https:\/\/streetmarkets.fr\/app\/wp-json\/wp\/v2\/product"}],"about":[{"href":"https:\/\/streetmarkets.fr\/app\/wp-json\/wp\/v2\/types\/product"}],"replies":[{"embeddable":true,"href":"https:\/\/streetmarkets.fr\/app\/wp-json\/wp\/v2\/comments?post=2901522"}],"wp:featuredmedia":[{"embeddable":true,"href":"https:\/\/streetmarkets.fr\/app\/wp-json\/wp\/v2\/media\/2901524"}],"wp:attachment":[{"href":"https:\/\/streetmarkets.fr\/app\/wp-json\/wp\/v2\/media?parent=2901522"}],"wp:term":[{"taxonomy":"product_brand","embeddable":true,"href":"https:\/\/streetmarkets.fr\/app\/wp-json\/wp\/v2\/product_brand?post=2901522"},{"taxonomy":"product_cat","embeddable":true,"href":"https:\/\/streetmarkets.fr\/app\/wp-json\/wp\/v2\/product_cat?post=2901522"},{"taxonomy":"product_tag","embeddable":true,"href":"https:\/\/streetmarkets.fr\/app\/wp-json\/wp\/v2\/product_tag?post=2901522"}],"curies":[{"name":"wp","href":"https:\/\/api.w.org\/{rel}","templated":true}]}}