{"id":2901504,"date":"2025-10-25T01:26:21","date_gmt":"2025-10-24T23:26:21","guid":{"rendered":"https:\/\/streetmarkets.fr\/app\/produit\/bonnet-vert-de-gris\/"},"modified":"2026-04-27T01:17:32","modified_gmt":"2026-04-26T23:17:32","slug":"bonnet-vert-de-gris","status":"publish","type":"product","link":"https:\/\/streetmarkets.fr\/app\/produit\/bonnet-vert-de-gris\/","title":{"rendered":"Bonnet Vert-de-Gris"},"content":{"rendered":"<p><a title=\"Collection Escuyer\" href=\"https:\/\/frenchtouche.com\/collections\/escuyer\"><strong>Collection Escuyer<\/strong><\/a><strong><\/strong><\/p>\n<p>Un beau bonnet bien chaud pour lutter efficacement contre le froid !<\/p>\n<ul><\/ul>\n<ul>\n<li><span>100 % laine m\u00e9rinos italienne<\/span><\/li>\n<li><span>Unisexe, taille unique<br \/><\/span><\/li>\n<li>\n<span>Chaud et respirant<br \/><\/span><span><\/span>\n<\/li>\n<li><span>Logo du cr\u00e9ateur (facile \u00e0 retirer)<br \/><\/span><\/li>\n<li>\n<span>Con\u00e7u \u00e0 Bruxelles, f<\/span><span>abriqu\u00e9 au Portugal<\/span>\n<\/li>\n<li><span>Lavage \u00e0 la main<\/span><\/li>\n<\/ul>\n","protected":false},"excerpt":{"rendered":"<p>Collection Escuyer Un beau bonnet bien chaud pour lutter efficacement contre le froid ! 100 % laine m\u00e9rinos italienne Unisexe, taille unique Chaud et respirant Logo du cr\u00e9ateur (facile \u00e0 retirer) Con\u00e7u \u00e0 Bruxelles, fabriqu\u00e9 au Portugal Lavage \u00e0 la main<\/p>\n","protected":false},"featured_media":2901506,"comment_status":"open","ping_status":"closed","template":"","meta":[],"product_brand":[],"product_cat":[1756,1764],"product_tag":[2244],"acf":[],"_links":{"self":[{"href":"https:\/\/streetmarkets.fr\/app\/wp-json\/wp\/v2\/product\/2901504"}],"collection":[{"href":"https:\/\/streetmarkets.fr\/app\/wp-json\/wp\/v2\/product"}],"about":[{"href":"https:\/\/streetmarkets.fr\/app\/wp-json\/wp\/v2\/types\/product"}],"replies":[{"embeddable":true,"href":"https:\/\/streetmarkets.fr\/app\/wp-json\/wp\/v2\/comments?post=2901504"}],"wp:featuredmedia":[{"embeddable":true,"href":"https:\/\/streetmarkets.fr\/app\/wp-json\/wp\/v2\/media\/2901506"}],"wp:attachment":[{"href":"https:\/\/streetmarkets.fr\/app\/wp-json\/wp\/v2\/media?parent=2901504"}],"wp:term":[{"taxonomy":"product_brand","embeddable":true,"href":"https:\/\/streetmarkets.fr\/app\/wp-json\/wp\/v2\/product_brand?post=2901504"},{"taxonomy":"product_cat","embeddable":true,"href":"https:\/\/streetmarkets.fr\/app\/wp-json\/wp\/v2\/product_cat?post=2901504"},{"taxonomy":"product_tag","embeddable":true,"href":"https:\/\/streetmarkets.fr\/app\/wp-json\/wp\/v2\/product_tag?post=2901504"}],"curies":[{"name":"wp","href":"https:\/\/api.w.org\/{rel}","templated":true}]}}