{"id":2901483,"date":"2025-10-25T01:26:19","date_gmt":"2025-10-24T23:26:19","guid":{"rendered":"https:\/\/streetmarkets.fr\/app\/produit\/bonnet-gris\/"},"modified":"2026-04-27T01:17:14","modified_gmt":"2026-04-26T23:17:14","slug":"bonnet-gris","status":"publish","type":"product","link":"https:\/\/streetmarkets.fr\/app\/produit\/bonnet-gris\/","title":{"rendered":"Bonnet Gris"},"content":{"rendered":"<p><a href=\"https:\/\/frenchtouche.com\/collections\/escuyer\" title=\"Collection Escuyer\"><strong>Collection Escuyer<\/strong><\/a><strong><\/strong><\/p>\n<p>Un beau bonnet bien chaud pour lutter efficacement contre le froid !<\/p>\n<ul><\/ul>\n<ul>\n<li><span>100 % laine m\u00e9rinos italienne<\/span><\/li>\n<li><span>Unisexe, taille unique<br \/><\/span><\/li>\n<li>\n<span>Chaud et respirant<br \/><\/span><span><\/span>\n<\/li>\n<li><span>Logo du cr\u00e9ateur (facile \u00e0 retirer)<br \/><\/span><\/li>\n<li>\n<span>Con\u00e7u \u00e0 Bruxelles, f<\/span><span>abriqu\u00e9 au Portugal<\/span>\n<\/li>\n<li><span>Lavage \u00e0 la main<\/span><\/li>\n<\/ul>\n","protected":false},"excerpt":{"rendered":"<p>Collection Escuyer Un beau bonnet bien chaud pour lutter efficacement contre le froid ! 100 % laine m\u00e9rinos italienne Unisexe, taille unique Chaud et respirant Logo du cr\u00e9ateur (facile \u00e0 retirer) Con\u00e7u \u00e0 Bruxelles, fabriqu\u00e9 au Portugal Lavage \u00e0 la main<\/p>\n","protected":false},"featured_media":2901484,"comment_status":"open","ping_status":"closed","template":"","meta":[],"product_brand":[],"product_cat":[1756,1764],"product_tag":[2244],"acf":[],"_links":{"self":[{"href":"https:\/\/streetmarkets.fr\/app\/wp-json\/wp\/v2\/product\/2901483"}],"collection":[{"href":"https:\/\/streetmarkets.fr\/app\/wp-json\/wp\/v2\/product"}],"about":[{"href":"https:\/\/streetmarkets.fr\/app\/wp-json\/wp\/v2\/types\/product"}],"replies":[{"embeddable":true,"href":"https:\/\/streetmarkets.fr\/app\/wp-json\/wp\/v2\/comments?post=2901483"}],"wp:featuredmedia":[{"embeddable":true,"href":"https:\/\/streetmarkets.fr\/app\/wp-json\/wp\/v2\/media\/2901484"}],"wp:attachment":[{"href":"https:\/\/streetmarkets.fr\/app\/wp-json\/wp\/v2\/media?parent=2901483"}],"wp:term":[{"taxonomy":"product_brand","embeddable":true,"href":"https:\/\/streetmarkets.fr\/app\/wp-json\/wp\/v2\/product_brand?post=2901483"},{"taxonomy":"product_cat","embeddable":true,"href":"https:\/\/streetmarkets.fr\/app\/wp-json\/wp\/v2\/product_cat?post=2901483"},{"taxonomy":"product_tag","embeddable":true,"href":"https:\/\/streetmarkets.fr\/app\/wp-json\/wp\/v2\/product_tag?post=2901483"}],"curies":[{"name":"wp","href":"https:\/\/api.w.org\/{rel}","templated":true}]}}