{"id":2901477,"date":"2025-10-25T01:26:19","date_gmt":"2025-10-24T23:26:19","guid":{"rendered":"https:\/\/streetmarkets.fr\/app\/produit\/bague-tapestry-maxi-dore\/"},"modified":"2026-05-06T01:17:01","modified_gmt":"2026-05-05T23:17:01","slug":"bague-tapestry-maxi-dore","status":"publish","type":"product","link":"https:\/\/streetmarkets.fr\/app\/produit\/bague-tapestry-maxi-dore\/","title":{"rendered":"Bague Tapestry Maxi Dor\u00e9"},"content":{"rendered":"<p><a title=\"Collection Judith Benita\" href=\"\/collections\/judith-benita\"><strong>Collection Judith Benita<\/strong><\/a><\/p>\n<div>\n<p class=\"p1\"><span>La ligne Tapestry s\u2019inspire des tapisseries anciennes et des broderies pr\u00e9cieuses. Elle rend hommage au travail minutieux et au temps long, avec des pi\u00e8ces ouvrag\u00e9es mais toujours \u00e9pur\u00e9es. Un jeu de composition minimal ayant pour point de d\u00e9part une m\u00eame trame de perles fines, travaill\u00e9es comme de petites architectures tant\u00f4t g\u00e9om\u00e9triques, tant\u00f4t organiques. Des pi\u00e8ces subtiles qui captent la lumi\u00e8re.<\/span><\/p>\n<\/div>\n<ul><\/ul>\n<ul><\/ul>\n<ul>\n<li>Mat\u00e9riaux :\u00a0<span>laiton dor\u00e9 \u00e0 l&#8217;or fin recycl\u00e9 24 carats<\/span>\n<\/li>\n<li>Pens\u00e9e et fabriqu\u00e9e main \u00e0 Paris<\/li>\n<li>Livr\u00e9e dans leur packaging individuel \u00e9cologique<\/li>\n<li>Conseils d&#8217;entretien : \u00e9vitez le contact avec l&#8217;eau et le parfum afin que le bijou conserve son \u00e9clat.<\/li>\n<li>Les mati\u00e8res premi\u00e8res sont soigneusement s\u00e9lectionn\u00e9es et sans risques pour votre sant\u00e9 : elles ne contiennent ni plomb, ni nickel, ni cadmium, conform\u00e9ment \u00e0 la l\u00e9gislation.<\/li>\n<\/ul>\n<p>:: Bijou pens\u00e9 et fabriqu\u00e9 main \u00e0 Paris dans l&#8217;atelier de la cr\u00e9atrice ::<\/p>\n","protected":false},"excerpt":{"rendered":"<p>Collection Judith Benita La ligne Tapestry s\u2019inspire des tapisseries anciennes et des broderies pr\u00e9cieuses. Elle rend hommage au travail minutieux et au temps long, avec des pi\u00e8ces ouvrag\u00e9es mais toujours \u00e9pur\u00e9es. Un jeu de composition minimal ayant pour point de d\u00e9part une m\u00eame trame de perles fines, travaill\u00e9es comme de petites architectures tant\u00f4t g\u00e9om\u00e9triques, tant\u00f4t [&hellip;]<\/p>\n","protected":false},"featured_media":2901478,"comment_status":"open","ping_status":"closed","template":"","meta":[],"product_brand":[],"product_cat":[1807,1756],"product_tag":[2244],"acf":[],"_links":{"self":[{"href":"https:\/\/streetmarkets.fr\/app\/wp-json\/wp\/v2\/product\/2901477"}],"collection":[{"href":"https:\/\/streetmarkets.fr\/app\/wp-json\/wp\/v2\/product"}],"about":[{"href":"https:\/\/streetmarkets.fr\/app\/wp-json\/wp\/v2\/types\/product"}],"replies":[{"embeddable":true,"href":"https:\/\/streetmarkets.fr\/app\/wp-json\/wp\/v2\/comments?post=2901477"}],"wp:featuredmedia":[{"embeddable":true,"href":"https:\/\/streetmarkets.fr\/app\/wp-json\/wp\/v2\/media\/2901478"}],"wp:attachment":[{"href":"https:\/\/streetmarkets.fr\/app\/wp-json\/wp\/v2\/media?parent=2901477"}],"wp:term":[{"taxonomy":"product_brand","embeddable":true,"href":"https:\/\/streetmarkets.fr\/app\/wp-json\/wp\/v2\/product_brand?post=2901477"},{"taxonomy":"product_cat","embeddable":true,"href":"https:\/\/streetmarkets.fr\/app\/wp-json\/wp\/v2\/product_cat?post=2901477"},{"taxonomy":"product_tag","embeddable":true,"href":"https:\/\/streetmarkets.fr\/app\/wp-json\/wp\/v2\/product_tag?post=2901477"}],"curies":[{"name":"wp","href":"https:\/\/api.w.org\/{rel}","templated":true}]}}