{"id":2901451,"date":"2025-10-25T01:26:17","date_gmt":"2025-10-24T23:26:17","guid":{"rendered":"https:\/\/streetmarkets.fr\/app\/produit\/bo-deia-bicolore\/"},"modified":"2026-05-02T01:18:10","modified_gmt":"2026-05-01T23:18:10","slug":"bo-deia-bicolore","status":"publish","type":"product","link":"https:\/\/streetmarkets.fr\/app\/produit\/bo-deia-bicolore\/","title":{"rendered":"BO Deia Bicolore"},"content":{"rendered":"<p><a title=\"Collection Judith Benita\" href=\"\/collections\/judith-benita\"><strong>Collection Judith Benita<\/strong><\/a><\/p>\n<p><span>Deia puise son inspiration dans l\u2019organique, de la flore marine aux v\u00e9g\u00e9taux grimpants. Chaque pi\u00e8ce est une surprise : lors du fa\u00e7onnage, les \u00e9l\u00e9ments fusionnent toujours de mani\u00e8re diff\u00e9rente et g\u00e9n\u00e8rent de nouvelles formes aux contours al\u00e9atoires. Cette singularit\u00e9 pr\u00e9cieuse se d\u00e9cline sur chaque bijou, avec des pi\u00e8ces souples qui \u00e9pousent les courbes du corps et d\u2019autres plus sculpturales. Une collection po\u00e9tique et subtile.\u00a0<\/span><\/p>\n<ul>\n<li>Mat\u00e9riaux :  <span>en laiton dor\u00e9 \u00e0 l&#8217;or fin recycl\u00e9 24 carats<\/span><span><\/span>\n<\/li>\n<li>Pens\u00e9es et fabriqu\u00e9es main \u00e0 Paris<\/li>\n<li>Livr\u00e9es dans leur packaging individuel \u00e9cologique<\/li>\n<li>Conseils d&#8217;entretien : \u00e9vitez le contact avec l&#8217;eau et le parfum afin que le bijou conserve son \u00e9clat.<\/li>\n<li>Les mati\u00e8res premi\u00e8res sont soigneusement s\u00e9lectionn\u00e9es et sans risques pour votre sant\u00e9 : elles ne contiennent ni plomb, ni nickel, ni cadmium, conform\u00e9ment \u00e0 la l\u00e9gislation.<\/li>\n<\/ul>\n<p>:: Bijou pens\u00e9 et fabriqu\u00e9 main \u00e0 Paris dans l&#8217;atelier de la cr\u00e9atrice ::<\/p>\n","protected":false},"excerpt":{"rendered":"<p>Collection Judith Benita Deia puise son inspiration dans l\u2019organique, de la flore marine aux v\u00e9g\u00e9taux grimpants. Chaque pi\u00e8ce est une surprise : lors du fa\u00e7onnage, les \u00e9l\u00e9ments fusionnent toujours de mani\u00e8re diff\u00e9rente et g\u00e9n\u00e8rent de nouvelles formes aux contours al\u00e9atoires. Cette singularit\u00e9 pr\u00e9cieuse se d\u00e9cline sur chaque bijou, avec des pi\u00e8ces souples qui \u00e9pousent les [&hellip;]<\/p>\n","protected":false},"featured_media":2901452,"comment_status":"open","ping_status":"closed","template":"","meta":[],"product_brand":[],"product_cat":[1807,1756],"product_tag":[2244],"acf":[],"_links":{"self":[{"href":"https:\/\/streetmarkets.fr\/app\/wp-json\/wp\/v2\/product\/2901451"}],"collection":[{"href":"https:\/\/streetmarkets.fr\/app\/wp-json\/wp\/v2\/product"}],"about":[{"href":"https:\/\/streetmarkets.fr\/app\/wp-json\/wp\/v2\/types\/product"}],"replies":[{"embeddable":true,"href":"https:\/\/streetmarkets.fr\/app\/wp-json\/wp\/v2\/comments?post=2901451"}],"wp:featuredmedia":[{"embeddable":true,"href":"https:\/\/streetmarkets.fr\/app\/wp-json\/wp\/v2\/media\/2901452"}],"wp:attachment":[{"href":"https:\/\/streetmarkets.fr\/app\/wp-json\/wp\/v2\/media?parent=2901451"}],"wp:term":[{"taxonomy":"product_brand","embeddable":true,"href":"https:\/\/streetmarkets.fr\/app\/wp-json\/wp\/v2\/product_brand?post=2901451"},{"taxonomy":"product_cat","embeddable":true,"href":"https:\/\/streetmarkets.fr\/app\/wp-json\/wp\/v2\/product_cat?post=2901451"},{"taxonomy":"product_tag","embeddable":true,"href":"https:\/\/streetmarkets.fr\/app\/wp-json\/wp\/v2\/product_tag?post=2901451"}],"curies":[{"name":"wp","href":"https:\/\/api.w.org\/{rel}","templated":true}]}}