{"id":2901058,"date":"2025-10-24T08:43:20","date_gmt":"2025-10-24T06:43:20","guid":{"rendered":"https:\/\/streetmarkets.fr\/app\/produit\/foulard-en-soie-peace-and-love-kaki-les-belles-vagabondes\/"},"modified":"2026-04-17T08:40:02","modified_gmt":"2026-04-17T06:40:02","slug":"foulard-en-soie-peace-and-love-kaki-les-belles-vagabondes","status":"publish","type":"product","link":"https:\/\/streetmarkets.fr\/app\/produit\/foulard-en-soie-peace-and-love-kaki-les-belles-vagabondes\/","title":{"rendered":"Foulard en soie Peace and love kaki &#8211; les Belles Vagabondes"},"content":{"rendered":"<div class=\"ss-wrapper\">\n<div class=\"ss-content\">\n<div class=\"wrapper_desc_content fixSafariPadding\">\n<div class=\"productDescription__block productDescription__bs\">Foulard en 100% soie naturelle, encre sans AZO ( produits chimiques)\u00a0<br \/>Dessin\u00e9 \u00e0 la main en France et imprim\u00e9 \u00e0 la main en Inde\n<\/div>\n<div class=\"productDescription__block productDescription__bs\">\n<p>\u00a0<\/p>\n<ul>\n<li>Il se porte autour du cou de fa\u00e7on classique ou en bandana ou\u00a0\n<p>Se noue dans les cheveux en bandeau r\u00e9tro.\u00a0<\/p>\n<\/li>\n<li>Il est livr\u00e9 dans une belle bo\u00eete inspir\u00e9e de bo\u00eetes d\u2019allumettes vintage.<\/li>\n<\/ul>\n<p>Les Belles Vagabondes est une marque artisanale, qui pr\u00f4ne le retour \u00e0 une mode qui prend le temps.\u00a0<\/p>\n<\/div>\n<\/div>\n<\/div>\n<\/div>\n","protected":false},"excerpt":{"rendered":"<p>Foulard en 100% soie naturelle, encre sans AZO ( produits chimiques)\u00a0Dessin\u00e9 \u00e0 la main en France et imprim\u00e9 \u00e0 la main en Inde \u00a0 Il se porte autour du cou de fa\u00e7on classique ou en bandana ou\u00a0 Se noue dans les cheveux en bandeau r\u00e9tro.\u00a0 Il est livr\u00e9 dans une belle bo\u00eete inspir\u00e9e de bo\u00eetes [&hellip;]<\/p>\n","protected":false},"featured_media":2901059,"comment_status":"open","ping_status":"closed","template":"","meta":[],"product_brand":[],"product_cat":[1756,1764],"product_tag":[2244],"acf":[],"_links":{"self":[{"href":"https:\/\/streetmarkets.fr\/app\/wp-json\/wp\/v2\/product\/2901058"}],"collection":[{"href":"https:\/\/streetmarkets.fr\/app\/wp-json\/wp\/v2\/product"}],"about":[{"href":"https:\/\/streetmarkets.fr\/app\/wp-json\/wp\/v2\/types\/product"}],"replies":[{"embeddable":true,"href":"https:\/\/streetmarkets.fr\/app\/wp-json\/wp\/v2\/comments?post=2901058"}],"wp:featuredmedia":[{"embeddable":true,"href":"https:\/\/streetmarkets.fr\/app\/wp-json\/wp\/v2\/media\/2901059"}],"wp:attachment":[{"href":"https:\/\/streetmarkets.fr\/app\/wp-json\/wp\/v2\/media?parent=2901058"}],"wp:term":[{"taxonomy":"product_brand","embeddable":true,"href":"https:\/\/streetmarkets.fr\/app\/wp-json\/wp\/v2\/product_brand?post=2901058"},{"taxonomy":"product_cat","embeddable":true,"href":"https:\/\/streetmarkets.fr\/app\/wp-json\/wp\/v2\/product_cat?post=2901058"},{"taxonomy":"product_tag","embeddable":true,"href":"https:\/\/streetmarkets.fr\/app\/wp-json\/wp\/v2\/product_tag?post=2901058"}],"curies":[{"name":"wp","href":"https:\/\/api.w.org\/{rel}","templated":true}]}}