{"id":2901012,"date":"2025-10-24T08:42:50","date_gmt":"2025-10-24T06:42:50","guid":{"rendered":"https:\/\/streetmarkets.fr\/app\/produit\/carre-judy-bandana-dark-choco-destin\/"},"modified":"2026-05-12T08:39:13","modified_gmt":"2026-05-12T06:39:13","slug":"carre-judy-bandana-dark-choco-destin","status":"publish","type":"product","link":"https:\/\/streetmarkets.fr\/app\/produit\/carre-judy-bandana-dark-choco-destin\/","title":{"rendered":"Carr\u00e9 Judy bandana dark choco &#8211; Destin"},"content":{"rendered":"<p>Foulard carr\u00e9 imprim\u00e9 bandana\u00a0<\/p>\n<p>coloris : dark choco<\/p>\n<p>Format : 90X90<\/p>\n<p>Mati\u00e8re : 100% laine\u00a0<\/p>\n","protected":false},"excerpt":{"rendered":"<p>Foulard carr\u00e9 imprim\u00e9 bandana\u00a0 coloris : dark choco Format : 90X90 Mati\u00e8re : 100% laine\u00a0<\/p>\n","protected":false},"featured_media":2901013,"comment_status":"open","ping_status":"closed","template":"","meta":[],"product_brand":[],"product_cat":[1756,1764],"product_tag":[2244],"acf":[],"_links":{"self":[{"href":"https:\/\/streetmarkets.fr\/app\/wp-json\/wp\/v2\/product\/2901012"}],"collection":[{"href":"https:\/\/streetmarkets.fr\/app\/wp-json\/wp\/v2\/product"}],"about":[{"href":"https:\/\/streetmarkets.fr\/app\/wp-json\/wp\/v2\/types\/product"}],"replies":[{"embeddable":true,"href":"https:\/\/streetmarkets.fr\/app\/wp-json\/wp\/v2\/comments?post=2901012"}],"wp:featuredmedia":[{"embeddable":true,"href":"https:\/\/streetmarkets.fr\/app\/wp-json\/wp\/v2\/media\/2901013"}],"wp:attachment":[{"href":"https:\/\/streetmarkets.fr\/app\/wp-json\/wp\/v2\/media?parent=2901012"}],"wp:term":[{"taxonomy":"product_brand","embeddable":true,"href":"https:\/\/streetmarkets.fr\/app\/wp-json\/wp\/v2\/product_brand?post=2901012"},{"taxonomy":"product_cat","embeddable":true,"href":"https:\/\/streetmarkets.fr\/app\/wp-json\/wp\/v2\/product_cat?post=2901012"},{"taxonomy":"product_tag","embeddable":true,"href":"https:\/\/streetmarkets.fr\/app\/wp-json\/wp\/v2\/product_tag?post=2901012"}],"curies":[{"name":"wp","href":"https:\/\/api.w.org\/{rel}","templated":true}]}}