{"id":2900991,"date":"2025-10-24T08:42:48","date_gmt":"2025-10-24T06:42:48","guid":{"rendered":"https:\/\/streetmarkets.fr\/app\/produit\/bracelet-coeurs-dores-delphes-bijoux\/"},"modified":"2026-05-08T08:39:03","modified_gmt":"2026-05-08T06:39:03","slug":"bracelet-coeurs-dores-delphes-bijoux","status":"publish","type":"product","link":"https:\/\/streetmarkets.fr\/app\/produit\/bracelet-coeurs-dores-delphes-bijoux\/","title":{"rendered":"Bracelet coeurs dor\u00e9s &#8211; Delphes bijoux"},"content":{"rendered":"<p><span>Bracelet avec accumulation de coeurs dor\u00e9s avec finition bross\u00e9e<\/span><\/p>\n<p><span>Ce bracelet est ajustable grace \u00e0 un cordon multicolore.\u00a0<\/span><\/p>\n","protected":false},"excerpt":{"rendered":"<p>Bracelet avec accumulation de coeurs dor\u00e9s avec finition bross\u00e9e Ce bracelet est ajustable grace \u00e0 un cordon multicolore.\u00a0<\/p>\n","protected":false},"featured_media":2900992,"comment_status":"open","ping_status":"closed","template":"","meta":[],"product_brand":[],"product_cat":[1807,1756],"product_tag":[2244],"acf":[],"_links":{"self":[{"href":"https:\/\/streetmarkets.fr\/app\/wp-json\/wp\/v2\/product\/2900991"}],"collection":[{"href":"https:\/\/streetmarkets.fr\/app\/wp-json\/wp\/v2\/product"}],"about":[{"href":"https:\/\/streetmarkets.fr\/app\/wp-json\/wp\/v2\/types\/product"}],"replies":[{"embeddable":true,"href":"https:\/\/streetmarkets.fr\/app\/wp-json\/wp\/v2\/comments?post=2900991"}],"wp:featuredmedia":[{"embeddable":true,"href":"https:\/\/streetmarkets.fr\/app\/wp-json\/wp\/v2\/media\/2900992"}],"wp:attachment":[{"href":"https:\/\/streetmarkets.fr\/app\/wp-json\/wp\/v2\/media?parent=2900991"}],"wp:term":[{"taxonomy":"product_brand","embeddable":true,"href":"https:\/\/streetmarkets.fr\/app\/wp-json\/wp\/v2\/product_brand?post=2900991"},{"taxonomy":"product_cat","embeddable":true,"href":"https:\/\/streetmarkets.fr\/app\/wp-json\/wp\/v2\/product_cat?post=2900991"},{"taxonomy":"product_tag","embeddable":true,"href":"https:\/\/streetmarkets.fr\/app\/wp-json\/wp\/v2\/product_tag?post=2900991"}],"curies":[{"name":"wp","href":"https:\/\/api.w.org\/{rel}","templated":true}]}}