{"id":2900974,"date":"2025-10-24T08:42:46","date_gmt":"2025-10-24T06:42:46","guid":{"rendered":"https:\/\/streetmarkets.fr\/app\/produit\/collier-georgette-delphes-bijoux\/"},"modified":"2026-05-08T08:39:02","modified_gmt":"2026-05-08T06:39:02","slug":"collier-georgette-delphes-bijoux","status":"publish","type":"product","link":"https:\/\/streetmarkets.fr\/app\/produit\/collier-georgette-delphes-bijoux\/","title":{"rendered":"Collier Georgette &#8211; Delphes bijoux"},"content":{"rendered":"<p><span>collier multi-breloques en argent 925 et dor\u00e9 \u00e0 l\u2019or fin 1 micron<\/span><\/p>\n<p><span>Certains pendentifs sont orn\u00e9s de zirconium blanc, les coeurs dor\u00e9s s&#8217;ouvrent et vous pourrez y int\u00e9grer vos porte porte bonheurs.\u00a0\u00a0<\/span><\/p>\n<p><span>Longueur 42 cm<\/span><\/p>\n","protected":false},"excerpt":{"rendered":"<p>collier multi-breloques en argent 925 et dor\u00e9 \u00e0 l\u2019or fin 1 micron Certains pendentifs sont orn\u00e9s de zirconium blanc, les coeurs dor\u00e9s s&#8217;ouvrent et vous pourrez y int\u00e9grer vos porte porte bonheurs.\u00a0\u00a0 Longueur 42 cm<\/p>\n","protected":false},"featured_media":2900975,"comment_status":"open","ping_status":"closed","template":"","meta":[],"product_brand":[],"product_cat":[1807,1756],"product_tag":[2244],"acf":[],"_links":{"self":[{"href":"https:\/\/streetmarkets.fr\/app\/wp-json\/wp\/v2\/product\/2900974"}],"collection":[{"href":"https:\/\/streetmarkets.fr\/app\/wp-json\/wp\/v2\/product"}],"about":[{"href":"https:\/\/streetmarkets.fr\/app\/wp-json\/wp\/v2\/types\/product"}],"replies":[{"embeddable":true,"href":"https:\/\/streetmarkets.fr\/app\/wp-json\/wp\/v2\/comments?post=2900974"}],"wp:featuredmedia":[{"embeddable":true,"href":"https:\/\/streetmarkets.fr\/app\/wp-json\/wp\/v2\/media\/2900975"}],"wp:attachment":[{"href":"https:\/\/streetmarkets.fr\/app\/wp-json\/wp\/v2\/media?parent=2900974"}],"wp:term":[{"taxonomy":"product_brand","embeddable":true,"href":"https:\/\/streetmarkets.fr\/app\/wp-json\/wp\/v2\/product_brand?post=2900974"},{"taxonomy":"product_cat","embeddable":true,"href":"https:\/\/streetmarkets.fr\/app\/wp-json\/wp\/v2\/product_cat?post=2900974"},{"taxonomy":"product_tag","embeddable":true,"href":"https:\/\/streetmarkets.fr\/app\/wp-json\/wp\/v2\/product_tag?post=2900974"}],"curies":[{"name":"wp","href":"https:\/\/api.w.org\/{rel}","templated":true}]}}