{"id":2886994,"date":"2025-10-23T01:18:42","date_gmt":"2025-10-22T23:18:42","guid":{"rendered":"https:\/\/streetmarkets.fr\/app\/produit\/chaussettes-josette-lamour-bleu\/"},"modified":"2025-11-24T00:18:39","modified_gmt":"2025-11-23T23:18:39","slug":"chaussettes-josette-lamour-bleu","status":"publish","type":"product","link":"https:\/\/streetmarkets.fr\/app\/produit\/chaussettes-josette-lamour-bleu\/","title":{"rendered":"Chaussettes Josette L&#8217;amour &#8211; Bleu"},"content":{"rendered":"<p>La paire Josette L&#8217;amour signe le combo confort + style au quotidien. Tricot\u00e9es en France au c\u0153ur du Tarn et remaill\u00e9es \u00e0 la main, ces chaussettes femme made in France misent sur un contact doux gr\u00e2ce au coton peign\u00e9 et une tenue qui reste en place toute la journ\u00e9e. Un soup\u00e7on de lurex apporte une discr\u00e8te touche lumineuse, sans compromis sur le confort. Taille unique 36-40: facile \u00e0 offrir, simple \u00e0 adopter, parfaite pour rythmer vos looks en bleu.<\/p>\n","protected":false},"excerpt":{"rendered":"<p>La paire Josette L&#8217;amour signe le combo confort + style au quotidien. Tricot\u00e9es en France au c\u0153ur du Tarn et remaill\u00e9es \u00e0 la main, ces chaussettes femme made in France misent sur un contact doux gr\u00e2ce au coton peign\u00e9 et une tenue qui reste en place toute la journ\u00e9e. Un soup\u00e7on de lurex apporte une [&hellip;]<\/p>\n","protected":false},"featured_media":2886995,"comment_status":"open","ping_status":"closed","template":"","meta":[],"product_brand":[],"product_cat":[1756,1764],"product_tag":[1810],"acf":[],"_links":{"self":[{"href":"https:\/\/streetmarkets.fr\/app\/wp-json\/wp\/v2\/product\/2886994"}],"collection":[{"href":"https:\/\/streetmarkets.fr\/app\/wp-json\/wp\/v2\/product"}],"about":[{"href":"https:\/\/streetmarkets.fr\/app\/wp-json\/wp\/v2\/types\/product"}],"replies":[{"embeddable":true,"href":"https:\/\/streetmarkets.fr\/app\/wp-json\/wp\/v2\/comments?post=2886994"}],"wp:featuredmedia":[{"embeddable":true,"href":"https:\/\/streetmarkets.fr\/app\/wp-json\/wp\/v2\/media\/2886995"}],"wp:attachment":[{"href":"https:\/\/streetmarkets.fr\/app\/wp-json\/wp\/v2\/media?parent=2886994"}],"wp:term":[{"taxonomy":"product_brand","embeddable":true,"href":"https:\/\/streetmarkets.fr\/app\/wp-json\/wp\/v2\/product_brand?post=2886994"},{"taxonomy":"product_cat","embeddable":true,"href":"https:\/\/streetmarkets.fr\/app\/wp-json\/wp\/v2\/product_cat?post=2886994"},{"taxonomy":"product_tag","embeddable":true,"href":"https:\/\/streetmarkets.fr\/app\/wp-json\/wp\/v2\/product_tag?post=2886994"}],"curies":[{"name":"wp","href":"https:\/\/api.w.org\/{rel}","templated":true}]}}