{"id":2886981,"date":"2025-10-23T01:18:42","date_gmt":"2025-10-22T23:18:42","guid":{"rendered":"https:\/\/streetmarkets.fr\/app\/produit\/chaussettes-josette-power\/"},"modified":"2025-11-24T00:18:39","modified_gmt":"2025-11-23T23:18:39","slug":"chaussettes-josette-power","status":"publish","type":"product","link":"https:\/\/streetmarkets.fr\/app\/produit\/chaussettes-josette-power\/","title":{"rendered":"Chaussettes Josette Power"},"content":{"rendered":"<p>Les Chaussettes Josette Power sign\u00e9es Maison Causettes misent sur l\u2019essentiel : un confort moelleux, une belle tenue et une pointe d\u2019\u00e9clat. En coton peign\u00e9 majoritaire, elles sont <strong>douces et agr\u00e9ables au quotidien<\/strong>, tandis que le polyamide renforce la <strong>r\u00e9sistance<\/strong> et l\u2019\u00e9lasthanne assure un <strong>maintien qui ne comprime pas<\/strong>. Un fil de lurex vient apporter une <strong>l\u00e9g\u00e8re touche scintillante<\/strong> qui rel\u00e8ve n\u2019importe quelle tenue. Fabriqu\u00e9es en France au c\u0153ur du Tarn et <strong>remaill\u00e9es \u00e0 la main<\/strong>, elles offrent une finition soign\u00e9e pens\u00e9e pour durer. Taille unique 36\u201341, faciles \u00e0 offrir\u2026 et \u00e0 s\u2019offrir.<\/p>\n","protected":false},"excerpt":{"rendered":"<p>Les Chaussettes Josette Power sign\u00e9es Maison Causettes misent sur l\u2019essentiel : un confort moelleux, une belle tenue et une pointe d\u2019\u00e9clat. En coton peign\u00e9 majoritaire, elles sont douces et agr\u00e9ables au quotidien, tandis que le polyamide renforce la r\u00e9sistance et l\u2019\u00e9lasthanne assure un maintien qui ne comprime pas. Un fil de lurex vient apporter une [&hellip;]<\/p>\n","protected":false},"featured_media":2886982,"comment_status":"open","ping_status":"closed","template":"","meta":[],"product_brand":[],"product_cat":[1756,1764],"product_tag":[1810],"acf":[],"_links":{"self":[{"href":"https:\/\/streetmarkets.fr\/app\/wp-json\/wp\/v2\/product\/2886981"}],"collection":[{"href":"https:\/\/streetmarkets.fr\/app\/wp-json\/wp\/v2\/product"}],"about":[{"href":"https:\/\/streetmarkets.fr\/app\/wp-json\/wp\/v2\/types\/product"}],"replies":[{"embeddable":true,"href":"https:\/\/streetmarkets.fr\/app\/wp-json\/wp\/v2\/comments?post=2886981"}],"wp:featuredmedia":[{"embeddable":true,"href":"https:\/\/streetmarkets.fr\/app\/wp-json\/wp\/v2\/media\/2886982"}],"wp:attachment":[{"href":"https:\/\/streetmarkets.fr\/app\/wp-json\/wp\/v2\/media?parent=2886981"}],"wp:term":[{"taxonomy":"product_brand","embeddable":true,"href":"https:\/\/streetmarkets.fr\/app\/wp-json\/wp\/v2\/product_brand?post=2886981"},{"taxonomy":"product_cat","embeddable":true,"href":"https:\/\/streetmarkets.fr\/app\/wp-json\/wp\/v2\/product_cat?post=2886981"},{"taxonomy":"product_tag","embeddable":true,"href":"https:\/\/streetmarkets.fr\/app\/wp-json\/wp\/v2\/product_tag?post=2886981"}],"curies":[{"name":"wp","href":"https:\/\/api.w.org\/{rel}","templated":true}]}}