{"id":2886975,"date":"2025-10-23T01:18:41","date_gmt":"2025-10-22T23:18:41","guid":{"rendered":"https:\/\/streetmarkets.fr\/app\/produit\/chaussettes-josette-lamour-noir\/"},"modified":"2025-11-24T00:18:39","modified_gmt":"2025-11-23T23:18:39","slug":"chaussettes-josette-lamour-noir","status":"publish","type":"product","link":"https:\/\/streetmarkets.fr\/app\/produit\/chaussettes-josette-lamour-noir\/","title":{"rendered":"Chaussettes Josette L&#8217;amour &#8211; Noir"},"content":{"rendered":"<p>Les Chaussettes Josette L&#8217;amour &#8211; Noir sign\u00e9es Maison Causettes marient confort et \u00e9l\u00e9gance discr\u00e8te. En coton peign\u00e9 tout doux, elles offrent une agr\u00e9able sensation sur la peau, tandis qu\u2019un fin fil de lurex apporte une touche lumineuse sans en faire trop.<\/p>\n<p>Remaill\u00e9es \u00e0 la main au c\u0153ur du Tarn, elles profitent d\u2019une finition soign\u00e9e qui tient dans le temps. Taille unique 36\u201340, elles se portent aussi bien avec des baskets que sous des derbies ou des bottines, du bureau \u00e0 la soir\u00e9e.<\/p>\n<p>La composition \u00e9quilibre douceur et respirabilit\u00e9 (coton peign\u00e9 78 %), r\u00e9sistance (polyamide 19 %) et maintien souple (\u00e9lasthanne 1 %). Une belle id\u00e9e de <strong>chaussettes femme made in France<\/strong>, \u00e0 s\u2019offrir ou \u00e0 offrir, pour un look chic et confortable au quotidien.<\/p>\n","protected":false},"excerpt":{"rendered":"<p>Les Chaussettes Josette L&#8217;amour &#8211; Noir sign\u00e9es Maison Causettes marient confort et \u00e9l\u00e9gance discr\u00e8te. En coton peign\u00e9 tout doux, elles offrent une agr\u00e9able sensation sur la peau, tandis qu\u2019un fin fil de lurex apporte une touche lumineuse sans en faire trop. Remaill\u00e9es \u00e0 la main au c\u0153ur du Tarn, elles profitent d\u2019une finition soign\u00e9e qui [&hellip;]<\/p>\n","protected":false},"featured_media":2886976,"comment_status":"open","ping_status":"closed","template":"","meta":[],"product_brand":[],"product_cat":[1756,1764],"product_tag":[1810],"acf":[],"_links":{"self":[{"href":"https:\/\/streetmarkets.fr\/app\/wp-json\/wp\/v2\/product\/2886975"}],"collection":[{"href":"https:\/\/streetmarkets.fr\/app\/wp-json\/wp\/v2\/product"}],"about":[{"href":"https:\/\/streetmarkets.fr\/app\/wp-json\/wp\/v2\/types\/product"}],"replies":[{"embeddable":true,"href":"https:\/\/streetmarkets.fr\/app\/wp-json\/wp\/v2\/comments?post=2886975"}],"wp:featuredmedia":[{"embeddable":true,"href":"https:\/\/streetmarkets.fr\/app\/wp-json\/wp\/v2\/media\/2886976"}],"wp:attachment":[{"href":"https:\/\/streetmarkets.fr\/app\/wp-json\/wp\/v2\/media?parent=2886975"}],"wp:term":[{"taxonomy":"product_brand","embeddable":true,"href":"https:\/\/streetmarkets.fr\/app\/wp-json\/wp\/v2\/product_brand?post=2886975"},{"taxonomy":"product_cat","embeddable":true,"href":"https:\/\/streetmarkets.fr\/app\/wp-json\/wp\/v2\/product_cat?post=2886975"},{"taxonomy":"product_tag","embeddable":true,"href":"https:\/\/streetmarkets.fr\/app\/wp-json\/wp\/v2\/product_tag?post=2886975"}],"curies":[{"name":"wp","href":"https:\/\/api.w.org\/{rel}","templated":true}]}}