{"id":2886923,"date":"2025-10-23T01:17:09","date_gmt":"2025-10-22T23:17:09","guid":{"rendered":"https:\/\/streetmarkets.fr\/app\/produit\/chaussettes-josette-good-vibes-terracotta\/"},"modified":"2025-11-24T00:17:25","modified_gmt":"2025-11-23T23:17:25","slug":"chaussettes-josette-good-vibes-terracotta","status":"publish","type":"product","link":"https:\/\/streetmarkets.fr\/app\/produit\/chaussettes-josette-good-vibes-terracotta\/","title":{"rendered":"Chaussettes Josette Good Vibes &#8211; Terracotta"},"content":{"rendered":"<p>Good vibes, bon style et vraie douceur au quotidien. Cette paire en coton peign\u00e9 est tricot\u00e9e en France, au c\u0153ur du Tarn, puis remaill\u00e9e \u00e0 la main pour une finition impeccable qui tient dans le temps. Le fil de lurex, discret, apporte juste ce qu\u2019il faut d\u2019\u00e9clat pour twister un jean et illuminer une tenue plus habill\u00e9e. Confortables et respirantes, elles accompagnent vos journ\u00e9es sans serrer ni glisser. Le coloris terracotta r\u00e9chauffe le look en un instant.<\/p>\n","protected":false},"excerpt":{"rendered":"<p>Good vibes, bon style et vraie douceur au quotidien. Cette paire en coton peign\u00e9 est tricot\u00e9e en France, au c\u0153ur du Tarn, puis remaill\u00e9e \u00e0 la main pour une finition impeccable qui tient dans le temps. Le fil de lurex, discret, apporte juste ce qu\u2019il faut d\u2019\u00e9clat pour twister un jean et illuminer une tenue [&hellip;]<\/p>\n","protected":false},"featured_media":2886924,"comment_status":"open","ping_status":"closed","template":"","meta":[],"product_brand":[],"product_cat":[1756,1764],"product_tag":[1810],"acf":[],"_links":{"self":[{"href":"https:\/\/streetmarkets.fr\/app\/wp-json\/wp\/v2\/product\/2886923"}],"collection":[{"href":"https:\/\/streetmarkets.fr\/app\/wp-json\/wp\/v2\/product"}],"about":[{"href":"https:\/\/streetmarkets.fr\/app\/wp-json\/wp\/v2\/types\/product"}],"replies":[{"embeddable":true,"href":"https:\/\/streetmarkets.fr\/app\/wp-json\/wp\/v2\/comments?post=2886923"}],"wp:featuredmedia":[{"embeddable":true,"href":"https:\/\/streetmarkets.fr\/app\/wp-json\/wp\/v2\/media\/2886924"}],"wp:attachment":[{"href":"https:\/\/streetmarkets.fr\/app\/wp-json\/wp\/v2\/media?parent=2886923"}],"wp:term":[{"taxonomy":"product_brand","embeddable":true,"href":"https:\/\/streetmarkets.fr\/app\/wp-json\/wp\/v2\/product_brand?post=2886923"},{"taxonomy":"product_cat","embeddable":true,"href":"https:\/\/streetmarkets.fr\/app\/wp-json\/wp\/v2\/product_cat?post=2886923"},{"taxonomy":"product_tag","embeddable":true,"href":"https:\/\/streetmarkets.fr\/app\/wp-json\/wp\/v2\/product_tag?post=2886923"}],"curies":[{"name":"wp","href":"https:\/\/api.w.org\/{rel}","templated":true}]}}