{"id":2886908,"date":"2025-10-23T01:17:09","date_gmt":"2025-10-22T23:17:09","guid":{"rendered":"https:\/\/streetmarkets.fr\/app\/produit\/sac-bowling\/"},"modified":"2025-11-24T00:17:25","modified_gmt":"2025-11-23T23:17:25","slug":"sac-bowling","status":"publish","type":"product","link":"https:\/\/streetmarkets.fr\/app\/produit\/sac-bowling\/","title":{"rendered":"Sac Bowling"},"content":{"rendered":"<p>Ce sac bowling r\u00e9unit tout ce qu\u2019on attend d\u2019un bon compagnon du quotidien : une toile de coton bio \u00e9paisse (500 g\/m\u00b2) qui tient le choc, une fermeture \u00e9clair solide pour garder ses affaires en s\u00e9curit\u00e9 et une organisation bien pens\u00e9e avec 3 poches internes et une poche ext\u00e9rieure. Son fond plat large lui donne une belle stabilit\u00e9, pratique pour y glisser chaussures de sport, trousse de toilette ou biberons selon l\u2019usage. \u00c0 l\u2019int\u00e9rieur, la doublure en blockprint apporte cette touche de surprise qu\u2019on adore ouvrir. Port\u00e9 \u00e9paule ou en bandouli\u00e8re ajustable, il suit le rythme sans se d\u00e9former. Dessin\u00e9 en France et confectionn\u00e9 par l\u2019ONG indienne SSMI, il allie style, sens et durabilit\u00e9 au quotidien.<\/p>\n","protected":false},"excerpt":{"rendered":"<p>Ce sac bowling r\u00e9unit tout ce qu\u2019on attend d\u2019un bon compagnon du quotidien : une toile de coton bio \u00e9paisse (500 g\/m\u00b2) qui tient le choc, une fermeture \u00e9clair solide pour garder ses affaires en s\u00e9curit\u00e9 et une organisation bien pens\u00e9e avec 3 poches internes et une poche ext\u00e9rieure. Son fond plat large lui donne [&hellip;]<\/p>\n","protected":false},"featured_media":2886909,"comment_status":"open","ping_status":"closed","template":"","meta":[],"product_brand":[7126],"product_cat":[1756,1764],"product_tag":[1810],"acf":[],"_links":{"self":[{"href":"https:\/\/streetmarkets.fr\/app\/wp-json\/wp\/v2\/product\/2886908"}],"collection":[{"href":"https:\/\/streetmarkets.fr\/app\/wp-json\/wp\/v2\/product"}],"about":[{"href":"https:\/\/streetmarkets.fr\/app\/wp-json\/wp\/v2\/types\/product"}],"replies":[{"embeddable":true,"href":"https:\/\/streetmarkets.fr\/app\/wp-json\/wp\/v2\/comments?post=2886908"}],"wp:featuredmedia":[{"embeddable":true,"href":"https:\/\/streetmarkets.fr\/app\/wp-json\/wp\/v2\/media\/2886909"}],"wp:attachment":[{"href":"https:\/\/streetmarkets.fr\/app\/wp-json\/wp\/v2\/media?parent=2886908"}],"wp:term":[{"taxonomy":"product_brand","embeddable":true,"href":"https:\/\/streetmarkets.fr\/app\/wp-json\/wp\/v2\/product_brand?post=2886908"},{"taxonomy":"product_cat","embeddable":true,"href":"https:\/\/streetmarkets.fr\/app\/wp-json\/wp\/v2\/product_cat?post=2886908"},{"taxonomy":"product_tag","embeddable":true,"href":"https:\/\/streetmarkets.fr\/app\/wp-json\/wp\/v2\/product_tag?post=2886908"}],"curies":[{"name":"wp","href":"https:\/\/api.w.org\/{rel}","templated":true}]}}