{"id":2886889,"date":"2025-10-23T01:16:32","date_gmt":"2025-10-22T23:16:32","guid":{"rendered":"https:\/\/streetmarkets.fr\/app\/produit\/mini-sac-a-dos-eliot\/"},"modified":"2025-11-24T00:16:20","modified_gmt":"2025-11-23T23:16:20","slug":"mini-sac-a-dos-eliot","status":"publish","type":"product","link":"https:\/\/streetmarkets.fr\/app\/produit\/mini-sac-a-dos-eliot\/","title":{"rendered":"Mini sac \u00e0 dos Eliot"},"content":{"rendered":"<p>Pratique, beau et responsable, ce mod\u00e8le coche toutes les cases. En <strong>coton bio \u00e9pais certifi\u00e9 GOTS (500 g\/m2)<\/strong>, il tient bien sa forme et encaisse le quotidien sans broncher. Son <strong>int\u00e9rieur bien pens\u00e9<\/strong> avec 3 poches + une petite poche ext\u00e9rieure facilite l\u2019organisation, tandis que le <strong>fond plat large<\/strong> apporte stabilit\u00e9 et capacit\u00e9 (H 44 x L 29 x 12 cm).<\/p>\n<p>On aime la <strong>doublure blockprint<\/strong> qui ajoute une touche graphique \u00e0 chaque ouverture. Dessin\u00e9 en France et fabriqu\u00e9 par l\u2019ONG indienne <strong>SSMI<\/strong>, il soutient l\u2019\u00e9mancipation des femmes et l\u2019\u00e9ducation des enfants. Un <strong>sac \u00e0 dos \u00e9thique<\/strong> et polyvalent, aussi \u00e0 l\u2019aise au sport, en voyage que comme <strong>sac \u00e0 langer<\/strong>.<\/p>\n","protected":false},"excerpt":{"rendered":"<p>Pratique, beau et responsable, ce mod\u00e8le coche toutes les cases. En coton bio \u00e9pais certifi\u00e9 GOTS (500 g\/m2), il tient bien sa forme et encaisse le quotidien sans broncher. Son int\u00e9rieur bien pens\u00e9 avec 3 poches + une petite poche ext\u00e9rieure facilite l\u2019organisation, tandis que le fond plat large apporte stabilit\u00e9 et capacit\u00e9 (H 44 [&hellip;]<\/p>\n","protected":false},"featured_media":2886890,"comment_status":"open","ping_status":"closed","template":"","meta":[],"product_brand":[7126],"product_cat":[1756,1764],"product_tag":[1810],"acf":[],"_links":{"self":[{"href":"https:\/\/streetmarkets.fr\/app\/wp-json\/wp\/v2\/product\/2886889"}],"collection":[{"href":"https:\/\/streetmarkets.fr\/app\/wp-json\/wp\/v2\/product"}],"about":[{"href":"https:\/\/streetmarkets.fr\/app\/wp-json\/wp\/v2\/types\/product"}],"replies":[{"embeddable":true,"href":"https:\/\/streetmarkets.fr\/app\/wp-json\/wp\/v2\/comments?post=2886889"}],"wp:featuredmedia":[{"embeddable":true,"href":"https:\/\/streetmarkets.fr\/app\/wp-json\/wp\/v2\/media\/2886890"}],"wp:attachment":[{"href":"https:\/\/streetmarkets.fr\/app\/wp-json\/wp\/v2\/media?parent=2886889"}],"wp:term":[{"taxonomy":"product_brand","embeddable":true,"href":"https:\/\/streetmarkets.fr\/app\/wp-json\/wp\/v2\/product_brand?post=2886889"},{"taxonomy":"product_cat","embeddable":true,"href":"https:\/\/streetmarkets.fr\/app\/wp-json\/wp\/v2\/product_cat?post=2886889"},{"taxonomy":"product_tag","embeddable":true,"href":"https:\/\/streetmarkets.fr\/app\/wp-json\/wp\/v2\/product_tag?post=2886889"}],"curies":[{"name":"wp","href":"https:\/\/api.w.org\/{rel}","templated":true}]}}