{"id":2886868,"date":"2025-10-23T01:15:44","date_gmt":"2025-10-22T23:15:44","guid":{"rendered":"https:\/\/streetmarkets.fr\/app\/produit\/chaussettes-paulette-vichy-bleue\/"},"modified":"2025-11-24T00:15:50","modified_gmt":"2025-11-23T23:15:50","slug":"chaussettes-paulette-vichy-bleue","status":"publish","type":"product","link":"https:\/\/streetmarkets.fr\/app\/produit\/chaussettes-paulette-vichy-bleue\/","title":{"rendered":"Chaussettes Paulette Vichy bleue"},"content":{"rendered":"<p>Tricot\u00e9es au c\u0153ur du Tarn et remaill\u00e9es \u00e0 la main, ces chaussettes vichy bleues sign\u00e9es Maison Causettes mixent style r\u00e9tro et confort moderne. Le coton peign\u00e9 (80 %) apporte une vraie douceur et une bonne respirabilit\u00e9, tandis que le polyamide et l\u2019\u00e9lasthanne assurent tenue et r\u00e9sistance au fil des ports.<br \/>\nTaille unique 36\u201341, elles s\u2019adaptent facilement et glissent aussi bien dans des baskets que dans des derbies. L\u2019imprim\u00e9 vichy bleu donne une touche chic et joyeuse \u00e0 n\u2019importe quelle tenue. Fabriqu\u00e9es en France, elles cochent les cases du cadeau utile et responsable pour femme.<br \/>\nLavage en machine \u00e0 30\u00b0C pour les garder belles longtemps.<\/p>\n","protected":false},"excerpt":{"rendered":"<p>Tricot\u00e9es au c\u0153ur du Tarn et remaill\u00e9es \u00e0 la main, ces chaussettes vichy bleues sign\u00e9es Maison Causettes mixent style r\u00e9tro et confort moderne. Le coton peign\u00e9 (80 %) apporte une vraie douceur et une bonne respirabilit\u00e9, tandis que le polyamide et l\u2019\u00e9lasthanne assurent tenue et r\u00e9sistance au fil des ports. Taille unique 36\u201341, elles s\u2019adaptent [&hellip;]<\/p>\n","protected":false},"featured_media":2886869,"comment_status":"open","ping_status":"closed","template":"","meta":[],"product_brand":[],"product_cat":[1756,1764],"product_tag":[1810],"acf":[],"_links":{"self":[{"href":"https:\/\/streetmarkets.fr\/app\/wp-json\/wp\/v2\/product\/2886868"}],"collection":[{"href":"https:\/\/streetmarkets.fr\/app\/wp-json\/wp\/v2\/product"}],"about":[{"href":"https:\/\/streetmarkets.fr\/app\/wp-json\/wp\/v2\/types\/product"}],"replies":[{"embeddable":true,"href":"https:\/\/streetmarkets.fr\/app\/wp-json\/wp\/v2\/comments?post=2886868"}],"wp:featuredmedia":[{"embeddable":true,"href":"https:\/\/streetmarkets.fr\/app\/wp-json\/wp\/v2\/media\/2886869"}],"wp:attachment":[{"href":"https:\/\/streetmarkets.fr\/app\/wp-json\/wp\/v2\/media?parent=2886868"}],"wp:term":[{"taxonomy":"product_brand","embeddable":true,"href":"https:\/\/streetmarkets.fr\/app\/wp-json\/wp\/v2\/product_brand?post=2886868"},{"taxonomy":"product_cat","embeddable":true,"href":"https:\/\/streetmarkets.fr\/app\/wp-json\/wp\/v2\/product_cat?post=2886868"},{"taxonomy":"product_tag","embeddable":true,"href":"https:\/\/streetmarkets.fr\/app\/wp-json\/wp\/v2\/product_tag?post=2886868"}],"curies":[{"name":"wp","href":"https:\/\/api.w.org\/{rel}","templated":true}]}}