{"id":2886862,"date":"2025-10-23T01:15:36","date_gmt":"2025-10-22T23:15:36","guid":{"rendered":"https:\/\/streetmarkets.fr\/app\/produit\/chaussettes-virginie-la-vie-en-rose\/"},"modified":"2025-11-24T00:15:48","modified_gmt":"2025-11-23T23:15:48","slug":"chaussettes-virginie-la-vie-en-rose","status":"publish","type":"product","link":"https:\/\/streetmarkets.fr\/app\/produit\/chaussettes-virginie-la-vie-en-rose\/","title":{"rendered":"Chaussettes Virginie La Vie En Rose"},"content":{"rendered":"<p>Cette paire made in France coche toutes les cases du quotidien soign\u00e9. Tricot\u00e9es au c\u0153ur du Tarn et <strong>remaill\u00e9es \u00e0 la main<\/strong>, elles offrent une finition nette et une vraie sensation de confort. La maille en <strong>coton peign\u00e9<\/strong> est douce et respirante, tandis qu\u2019une touche de <strong>lurex<\/strong> apporte un \u00e9clat discret qui sublime une tenue, de la basket au talon.<\/p>\n<p>La <strong>taille unique 36\u201340<\/strong> s\u2019ajuste facilement, soutenue par une pointe de polyamide et d\u2019\u00e9lasthane pour le maintien. Un accessoire de mode simple et chic, \u00e0 porter du matin au soir, et une belle id\u00e9e cadeau pour celles qui aiment les d\u00e9tails qui font la diff\u00e9rence.<\/p>\n","protected":false},"excerpt":{"rendered":"<p>Cette paire made in France coche toutes les cases du quotidien soign\u00e9. Tricot\u00e9es au c\u0153ur du Tarn et remaill\u00e9es \u00e0 la main, elles offrent une finition nette et une vraie sensation de confort. La maille en coton peign\u00e9 est douce et respirante, tandis qu\u2019une touche de lurex apporte un \u00e9clat discret qui sublime une tenue, [&hellip;]<\/p>\n","protected":false},"featured_media":2886863,"comment_status":"open","ping_status":"closed","template":"","meta":[],"product_brand":[],"product_cat":[1756,1764],"product_tag":[1810],"acf":[],"_links":{"self":[{"href":"https:\/\/streetmarkets.fr\/app\/wp-json\/wp\/v2\/product\/2886862"}],"collection":[{"href":"https:\/\/streetmarkets.fr\/app\/wp-json\/wp\/v2\/product"}],"about":[{"href":"https:\/\/streetmarkets.fr\/app\/wp-json\/wp\/v2\/types\/product"}],"replies":[{"embeddable":true,"href":"https:\/\/streetmarkets.fr\/app\/wp-json\/wp\/v2\/comments?post=2886862"}],"wp:featuredmedia":[{"embeddable":true,"href":"https:\/\/streetmarkets.fr\/app\/wp-json\/wp\/v2\/media\/2886863"}],"wp:attachment":[{"href":"https:\/\/streetmarkets.fr\/app\/wp-json\/wp\/v2\/media?parent=2886862"}],"wp:term":[{"taxonomy":"product_brand","embeddable":true,"href":"https:\/\/streetmarkets.fr\/app\/wp-json\/wp\/v2\/product_brand?post=2886862"},{"taxonomy":"product_cat","embeddable":true,"href":"https:\/\/streetmarkets.fr\/app\/wp-json\/wp\/v2\/product_cat?post=2886862"},{"taxonomy":"product_tag","embeddable":true,"href":"https:\/\/streetmarkets.fr\/app\/wp-json\/wp\/v2\/product_tag?post=2886862"}],"curies":[{"name":"wp","href":"https:\/\/api.w.org\/{rel}","templated":true}]}}