{"id":2886856,"date":"2025-10-23T01:15:11","date_gmt":"2025-10-22T23:15:11","guid":{"rendered":"https:\/\/streetmarkets.fr\/app\/produit\/foulard-amor-macadamia\/"},"modified":"2025-11-24T00:15:18","modified_gmt":"2025-11-23T23:15:18","slug":"foulard-amor-macadamia","status":"publish","type":"product","link":"https:\/\/streetmarkets.fr\/app\/produit\/foulard-amor-macadamia\/","title":{"rendered":"Foulard Amor &#8211; Macadamia"},"content":{"rendered":"<p>Un accessoire qui fait tout, sans en faire trop. Ce foulard en <strong>100% coton<\/strong> est <strong>imprim\u00e9 \u00e0 la main en block print<\/strong> avec des <strong>encres v\u00e9g\u00e9tales 100% naturelles<\/strong>. L\u00e9ger, respirant et doux sur la peau, il se porte au cou, dans les cheveux, ou nou\u00e9 \u00e0 un sac pour une touche de style imm\u00e9diate.<\/p>\n<p>Propos\u00e9 en <strong>deux formats<\/strong> (50&#215;50 cm et 100&#215;100 cm), il s\u2019adapte \u00e0 toutes les envies: bandana discret, carr\u00e9 chic ou grand foulard enveloppant. Chaque pi\u00e8ce porte la subtile singularit\u00e9 du geste artisanal, ce qui la rend unique et tr\u00e8s attachante. Un choix simple et s\u00fbr pour un <strong>cadeau \u00e9thique et durable<\/strong>.<\/p>\n","protected":false},"excerpt":{"rendered":"<p>Un accessoire qui fait tout, sans en faire trop. Ce foulard en 100% coton est imprim\u00e9 \u00e0 la main en block print avec des encres v\u00e9g\u00e9tales 100% naturelles. L\u00e9ger, respirant et doux sur la peau, il se porte au cou, dans les cheveux, ou nou\u00e9 \u00e0 un sac pour une touche de style imm\u00e9diate. Propos\u00e9 [&hellip;]<\/p>\n","protected":false},"featured_media":2886857,"comment_status":"open","ping_status":"closed","template":"","meta":[],"product_brand":[],"product_cat":[1756,1764],"product_tag":[1810],"acf":[],"_links":{"self":[{"href":"https:\/\/streetmarkets.fr\/app\/wp-json\/wp\/v2\/product\/2886856"}],"collection":[{"href":"https:\/\/streetmarkets.fr\/app\/wp-json\/wp\/v2\/product"}],"about":[{"href":"https:\/\/streetmarkets.fr\/app\/wp-json\/wp\/v2\/types\/product"}],"replies":[{"embeddable":true,"href":"https:\/\/streetmarkets.fr\/app\/wp-json\/wp\/v2\/comments?post=2886856"}],"wp:featuredmedia":[{"embeddable":true,"href":"https:\/\/streetmarkets.fr\/app\/wp-json\/wp\/v2\/media\/2886857"}],"wp:attachment":[{"href":"https:\/\/streetmarkets.fr\/app\/wp-json\/wp\/v2\/media?parent=2886856"}],"wp:term":[{"taxonomy":"product_brand","embeddable":true,"href":"https:\/\/streetmarkets.fr\/app\/wp-json\/wp\/v2\/product_brand?post=2886856"},{"taxonomy":"product_cat","embeddable":true,"href":"https:\/\/streetmarkets.fr\/app\/wp-json\/wp\/v2\/product_cat?post=2886856"},{"taxonomy":"product_tag","embeddable":true,"href":"https:\/\/streetmarkets.fr\/app\/wp-json\/wp\/v2\/product_tag?post=2886856"}],"curies":[{"name":"wp","href":"https:\/\/api.w.org\/{rel}","templated":true}]}}