{"id":2886852,"date":"2025-10-23T01:15:10","date_gmt":"2025-10-22T23:15:10","guid":{"rendered":"https:\/\/streetmarkets.fr\/app\/produit\/foulard-amor-rust\/"},"modified":"2025-11-24T00:15:18","modified_gmt":"2025-11-23T23:15:18","slug":"foulard-amor-rust","status":"publish","type":"product","link":"https:\/\/streetmarkets.fr\/app\/produit\/foulard-amor-rust\/","title":{"rendered":"Foulard Amor &#8211; Rust"},"content":{"rendered":"<p>Un foulard en coton qui a du caract\u00e8re et une histoire: imprim\u00e9 \u00e0 la main selon la technique artisanale du block print, il d\u00e9voile de subtils effets de motif qui rendent chaque pi\u00e8ce unique. Sa teinte Rust, entre rouille et terracotta, apporte une touche chaleureuse \u00e0 n\u2019importe quel look.<br \/>\nDisponible en deux formats, il s\u2019adapte \u00e0 tous les styles: le petit carr\u00e9 (50&#215;50 cm) se noue en bandana ou autour d\u2019un chignon, tandis que le grand (100&#215;100 cm) enveloppe le cou, les \u00e9paules ou habille un sac. 100% coton et encres v\u00e9g\u00e9tales 100% naturelles pour un accessoire doux, respirant et agr\u00e9able \u00e0 porter au quotidien.<\/p>\n","protected":false},"excerpt":{"rendered":"<p>Un foulard en coton qui a du caract\u00e8re et une histoire: imprim\u00e9 \u00e0 la main selon la technique artisanale du block print, il d\u00e9voile de subtils effets de motif qui rendent chaque pi\u00e8ce unique. Sa teinte Rust, entre rouille et terracotta, apporte une touche chaleureuse \u00e0 n\u2019importe quel look. Disponible en deux formats, il s\u2019adapte [&hellip;]<\/p>\n","protected":false},"featured_media":2886853,"comment_status":"open","ping_status":"closed","template":"","meta":[],"product_brand":[],"product_cat":[1756,1764],"product_tag":[1810],"acf":[],"_links":{"self":[{"href":"https:\/\/streetmarkets.fr\/app\/wp-json\/wp\/v2\/product\/2886852"}],"collection":[{"href":"https:\/\/streetmarkets.fr\/app\/wp-json\/wp\/v2\/product"}],"about":[{"href":"https:\/\/streetmarkets.fr\/app\/wp-json\/wp\/v2\/types\/product"}],"replies":[{"embeddable":true,"href":"https:\/\/streetmarkets.fr\/app\/wp-json\/wp\/v2\/comments?post=2886852"}],"wp:featuredmedia":[{"embeddable":true,"href":"https:\/\/streetmarkets.fr\/app\/wp-json\/wp\/v2\/media\/2886853"}],"wp:attachment":[{"href":"https:\/\/streetmarkets.fr\/app\/wp-json\/wp\/v2\/media?parent=2886852"}],"wp:term":[{"taxonomy":"product_brand","embeddable":true,"href":"https:\/\/streetmarkets.fr\/app\/wp-json\/wp\/v2\/product_brand?post=2886852"},{"taxonomy":"product_cat","embeddable":true,"href":"https:\/\/streetmarkets.fr\/app\/wp-json\/wp\/v2\/product_cat?post=2886852"},{"taxonomy":"product_tag","embeddable":true,"href":"https:\/\/streetmarkets.fr\/app\/wp-json\/wp\/v2\/product_tag?post=2886852"}],"curies":[{"name":"wp","href":"https:\/\/api.w.org\/{rel}","templated":true}]}}