{"id":2886843,"date":"2025-10-23T01:14:31","date_gmt":"2025-10-22T23:14:31","guid":{"rendered":"https:\/\/streetmarkets.fr\/app\/produit\/chaussettes-paulette-la-tulipe\/"},"modified":"2025-11-24T00:14:51","modified_gmt":"2025-11-23T23:14:51","slug":"chaussettes-paulette-la-tulipe","status":"publish","type":"product","link":"https:\/\/streetmarkets.fr\/app\/produit\/chaussettes-paulette-la-tulipe\/","title":{"rendered":"Chaussettes Paulette La tulipe"},"content":{"rendered":"<p>Cette paire de chaussettes femme made in France coche toutes les cases: un coton peign\u00e9 tout doux et respirant, une finition remaill\u00e9e \u00e0 la main pour une couture plate ultra confortable, et une taille unique 36-41 qui s\u2019ajuste sans serrer. Le motif La tulipe apporte la petite touche joyeuse qui twiste une tenue, du jean-baskets aux bottines de bureau. Solides, agr\u00e9ables \u00e0 porter toute la journ\u00e9e et fabriqu\u00e9es dans le Tarn, elles font un accessoire mode responsable aussi joli qu\u2019utile \u2014 parfait \u00e0 s\u2019offrir ou \u00e0 offrir.<\/p>\n","protected":false},"excerpt":{"rendered":"<p>Cette paire de chaussettes femme made in France coche toutes les cases: un coton peign\u00e9 tout doux et respirant, une finition remaill\u00e9e \u00e0 la main pour une couture plate ultra confortable, et une taille unique 36-41 qui s\u2019ajuste sans serrer. Le motif La tulipe apporte la petite touche joyeuse qui twiste une tenue, du jean-baskets [&hellip;]<\/p>\n","protected":false},"featured_media":2886844,"comment_status":"open","ping_status":"closed","template":"","meta":[],"product_brand":[],"product_cat":[1756,1764],"product_tag":[1810],"acf":[],"_links":{"self":[{"href":"https:\/\/streetmarkets.fr\/app\/wp-json\/wp\/v2\/product\/2886843"}],"collection":[{"href":"https:\/\/streetmarkets.fr\/app\/wp-json\/wp\/v2\/product"}],"about":[{"href":"https:\/\/streetmarkets.fr\/app\/wp-json\/wp\/v2\/types\/product"}],"replies":[{"embeddable":true,"href":"https:\/\/streetmarkets.fr\/app\/wp-json\/wp\/v2\/comments?post=2886843"}],"wp:featuredmedia":[{"embeddable":true,"href":"https:\/\/streetmarkets.fr\/app\/wp-json\/wp\/v2\/media\/2886844"}],"wp:attachment":[{"href":"https:\/\/streetmarkets.fr\/app\/wp-json\/wp\/v2\/media?parent=2886843"}],"wp:term":[{"taxonomy":"product_brand","embeddable":true,"href":"https:\/\/streetmarkets.fr\/app\/wp-json\/wp\/v2\/product_brand?post=2886843"},{"taxonomy":"product_cat","embeddable":true,"href":"https:\/\/streetmarkets.fr\/app\/wp-json\/wp\/v2\/product_cat?post=2886843"},{"taxonomy":"product_tag","embeddable":true,"href":"https:\/\/streetmarkets.fr\/app\/wp-json\/wp\/v2\/product_tag?post=2886843"}],"curies":[{"name":"wp","href":"https:\/\/api.w.org\/{rel}","templated":true}]}}