{"id":2886834,"date":"2025-10-23T01:14:30","date_gmt":"2025-10-22T23:14:30","guid":{"rendered":"https:\/\/streetmarkets.fr\/app\/produit\/pochette-lou\/"},"modified":"2025-11-24T00:14:51","modified_gmt":"2025-11-23T23:14:51","slug":"pochette-lou","status":"publish","type":"product","link":"https:\/\/streetmarkets.fr\/app\/produit\/pochette-lou\/","title":{"rendered":"Pochette Lou"},"content":{"rendered":"<p>Compacte, douce et fut\u00e9e, cette pochette zipp\u00e9e en velours c\u00f4tel\u00e9 bio certifi\u00e9 GOTS accueille tout ce qu\u2019on veut garder sous la main: passeport, bijoux, cartes ou monnaie. Son int\u00e9rieur doubl\u00e9 prot\u00e8ge le contenu, tandis que la fermeture \u00e9clair s\u00e9curise le tout dans le sac ou la trousse de toilette. Dessin\u00e9e en France et fabriqu\u00e9e par l\u2019ONG indienne SSMI qui soutient l\u2019\u00e9mancipation des femmes et l\u2019\u00e9ducation des enfants, elle joint l\u2019utile au sens. Format 20 x 16 cm: assez grand pour organiser, assez petit pour suivre partout.<\/p>\n","protected":false},"excerpt":{"rendered":"<p>Compacte, douce et fut\u00e9e, cette pochette zipp\u00e9e en velours c\u00f4tel\u00e9 bio certifi\u00e9 GOTS accueille tout ce qu\u2019on veut garder sous la main: passeport, bijoux, cartes ou monnaie. Son int\u00e9rieur doubl\u00e9 prot\u00e8ge le contenu, tandis que la fermeture \u00e9clair s\u00e9curise le tout dans le sac ou la trousse de toilette. Dessin\u00e9e en France et fabriqu\u00e9e par [&hellip;]<\/p>\n","protected":false},"featured_media":2886835,"comment_status":"open","ping_status":"closed","template":"","meta":[],"product_brand":[7126],"product_cat":[1756,1764],"product_tag":[1810],"acf":[],"_links":{"self":[{"href":"https:\/\/streetmarkets.fr\/app\/wp-json\/wp\/v2\/product\/2886834"}],"collection":[{"href":"https:\/\/streetmarkets.fr\/app\/wp-json\/wp\/v2\/product"}],"about":[{"href":"https:\/\/streetmarkets.fr\/app\/wp-json\/wp\/v2\/types\/product"}],"replies":[{"embeddable":true,"href":"https:\/\/streetmarkets.fr\/app\/wp-json\/wp\/v2\/comments?post=2886834"}],"wp:featuredmedia":[{"embeddable":true,"href":"https:\/\/streetmarkets.fr\/app\/wp-json\/wp\/v2\/media\/2886835"}],"wp:attachment":[{"href":"https:\/\/streetmarkets.fr\/app\/wp-json\/wp\/v2\/media?parent=2886834"}],"wp:term":[{"taxonomy":"product_brand","embeddable":true,"href":"https:\/\/streetmarkets.fr\/app\/wp-json\/wp\/v2\/product_brand?post=2886834"},{"taxonomy":"product_cat","embeddable":true,"href":"https:\/\/streetmarkets.fr\/app\/wp-json\/wp\/v2\/product_cat?post=2886834"},{"taxonomy":"product_tag","embeddable":true,"href":"https:\/\/streetmarkets.fr\/app\/wp-json\/wp\/v2\/product_tag?post=2886834"}],"curies":[{"name":"wp","href":"https:\/\/api.w.org\/{rel}","templated":true}]}}