{"id":2886791,"date":"2025-10-23T01:14:26","date_gmt":"2025-10-22T23:14:26","guid":{"rendered":"https:\/\/streetmarkets.fr\/app\/produit\/sac-polochon-simon\/"},"modified":"2025-11-24T00:14:50","modified_gmt":"2025-11-23T23:14:50","slug":"sac-polochon-simon","status":"publish","type":"product","link":"https:\/\/streetmarkets.fr\/app\/produit\/sac-polochon-simon\/","title":{"rendered":"Sac polochon Simon"},"content":{"rendered":"<p>Simon, c\u2019est le sac polochon qui donne envie de partir sur un coup de t\u00eate. Son volume g\u00e9n\u00e9reux de 33 L accueille sans sourciller deux tenues, une paire de baskets et une trousse de toilette pour un court s\u00e9jour, ou tout votre \u00e9quipement pour la salle. La poche int\u00e9rieure zipp\u00e9e garde cl\u00e9s, carte et t\u00e9l\u00e9phone \u00e0 port\u00e9e de main pour \u00e9viter le fouillis. La bandouli\u00e8re r\u00e9glable permet de le porter en travers du corps, confortable et mains libres, tandis que la toile \u00e9paisse en coton bio (500 g\/m\u00b2, certifi\u00e9e GOTS) tient bien la route au quotidien. \u00c0 l\u2019int\u00e9rieur, la doublure aux motifs blockprint apporte ce petit twist artisanal qu\u2019on a plaisir \u00e0 voir chaque fois qu\u2019on l\u2019ouvre. Un choix simple, beau et engag\u00e9, pens\u00e9 pour bouger l\u00e9ger et longtemps.<\/p>\n","protected":false},"excerpt":{"rendered":"<p>Simon, c\u2019est le sac polochon qui donne envie de partir sur un coup de t\u00eate. Son volume g\u00e9n\u00e9reux de 33 L accueille sans sourciller deux tenues, une paire de baskets et une trousse de toilette pour un court s\u00e9jour, ou tout votre \u00e9quipement pour la salle. La poche int\u00e9rieure zipp\u00e9e garde cl\u00e9s, carte et t\u00e9l\u00e9phone [&hellip;]<\/p>\n","protected":false},"featured_media":2886792,"comment_status":"open","ping_status":"closed","template":"","meta":[],"product_brand":[7126],"product_cat":[1756,1764],"product_tag":[1810],"acf":[],"_links":{"self":[{"href":"https:\/\/streetmarkets.fr\/app\/wp-json\/wp\/v2\/product\/2886791"}],"collection":[{"href":"https:\/\/streetmarkets.fr\/app\/wp-json\/wp\/v2\/product"}],"about":[{"href":"https:\/\/streetmarkets.fr\/app\/wp-json\/wp\/v2\/types\/product"}],"replies":[{"embeddable":true,"href":"https:\/\/streetmarkets.fr\/app\/wp-json\/wp\/v2\/comments?post=2886791"}],"wp:featuredmedia":[{"embeddable":true,"href":"https:\/\/streetmarkets.fr\/app\/wp-json\/wp\/v2\/media\/2886792"}],"wp:attachment":[{"href":"https:\/\/streetmarkets.fr\/app\/wp-json\/wp\/v2\/media?parent=2886791"}],"wp:term":[{"taxonomy":"product_brand","embeddable":true,"href":"https:\/\/streetmarkets.fr\/app\/wp-json\/wp\/v2\/product_brand?post=2886791"},{"taxonomy":"product_cat","embeddable":true,"href":"https:\/\/streetmarkets.fr\/app\/wp-json\/wp\/v2\/product_cat?post=2886791"},{"taxonomy":"product_tag","embeddable":true,"href":"https:\/\/streetmarkets.fr\/app\/wp-json\/wp\/v2\/product_tag?post=2886791"}],"curies":[{"name":"wp","href":"https:\/\/api.w.org\/{rel}","templated":true}]}}