{"id":2865131,"date":"2025-10-19T01:16:44","date_gmt":"2025-10-18T23:16:44","guid":{"rendered":"https:\/\/streetmarkets.fr\/app\/produit\/chouchou-felicie\/"},"modified":"2025-11-24T00:17:25","modified_gmt":"2025-11-23T23:17:25","slug":"chouchou-felicie","status":"publish","type":"product","link":"https:\/\/streetmarkets.fr\/app\/produit\/chouchou-felicie\/","title":{"rendered":"Chouchou F\u00e9licie"},"content":{"rendered":"<p>Un bel accessoire cheveux qui change tout en un geste. Con\u00e7u et fabriqu\u00e9 \u00e0 la main \u00e0 Paris, il apporte instantan\u00e9ment une touche de couleur et de style \u00e0 n\u2019importe quelle tenue. Sa mati\u00e8re 100 % coton, issue de tissus de d\u00e9stockage, est douce au contact et pens\u00e9e pour durer.<br \/>\nFacile \u00e0 vivre, il se porte au quotidien pour dompter une m\u00e8che, structurer une coiffure ou simplement twister votre look. Et quand vient le moment de le laver, un cycle d\u00e9licat \u00e0 30\u00b0C suffit. Un petit geste mode, avec du sens.<\/p>\n","protected":false},"excerpt":{"rendered":"<p>Un bel accessoire cheveux qui change tout en un geste. Con\u00e7u et fabriqu\u00e9 \u00e0 la main \u00e0 Paris, il apporte instantan\u00e9ment une touche de couleur et de style \u00e0 n\u2019importe quelle tenue. Sa mati\u00e8re 100 % coton, issue de tissus de d\u00e9stockage, est douce au contact et pens\u00e9e pour durer. Facile \u00e0 vivre, il se [&hellip;]<\/p>\n","protected":false},"featured_media":2865132,"comment_status":"open","ping_status":"closed","template":"","meta":[],"product_brand":[],"product_cat":[1756,1764],"product_tag":[1810],"acf":[],"_links":{"self":[{"href":"https:\/\/streetmarkets.fr\/app\/wp-json\/wp\/v2\/product\/2865131"}],"collection":[{"href":"https:\/\/streetmarkets.fr\/app\/wp-json\/wp\/v2\/product"}],"about":[{"href":"https:\/\/streetmarkets.fr\/app\/wp-json\/wp\/v2\/types\/product"}],"replies":[{"embeddable":true,"href":"https:\/\/streetmarkets.fr\/app\/wp-json\/wp\/v2\/comments?post=2865131"}],"wp:featuredmedia":[{"embeddable":true,"href":"https:\/\/streetmarkets.fr\/app\/wp-json\/wp\/v2\/media\/2865132"}],"wp:attachment":[{"href":"https:\/\/streetmarkets.fr\/app\/wp-json\/wp\/v2\/media?parent=2865131"}],"wp:term":[{"taxonomy":"product_brand","embeddable":true,"href":"https:\/\/streetmarkets.fr\/app\/wp-json\/wp\/v2\/product_brand?post=2865131"},{"taxonomy":"product_cat","embeddable":true,"href":"https:\/\/streetmarkets.fr\/app\/wp-json\/wp\/v2\/product_cat?post=2865131"},{"taxonomy":"product_tag","embeddable":true,"href":"https:\/\/streetmarkets.fr\/app\/wp-json\/wp\/v2\/product_tag?post=2865131"}],"curies":[{"name":"wp","href":"https:\/\/api.w.org\/{rel}","templated":true}]}}