{"id":2865128,"date":"2025-10-19T01:16:43","date_gmt":"2025-10-18T23:16:43","guid":{"rendered":"https:\/\/streetmarkets.fr\/app\/produit\/chouchou-prairie\/"},"modified":"2025-11-24T00:17:25","modified_gmt":"2025-11-23T23:17:25","slug":"chouchou-prairie","status":"publish","type":"product","link":"https:\/\/streetmarkets.fr\/app\/produit\/chouchou-prairie\/","title":{"rendered":"Chouchou Prairie"},"content":{"rendered":"<p>Con\u00e7u et fabriqu\u00e9 \u00e0 la main \u00e0 Paris, ce chouchou en viscose <strong>issu de chutes de tissus<\/strong> habille instantan\u00e9ment une queue-de-cheval ou un chignon, avec un maintien souple et confortable. Son volume souligne la coiffure sans casser les cheveux, et sa mati\u00e8re douce limite les marques par rapport \u00e0 un \u00e9lastique fin.<\/p>\n<p>Ce mod\u00e8le raconte une belle histoire d\u2019upcycling\u202f: il est r\u00e9alis\u00e9 \u00e0 partir des <strong>chutes des headbands<\/strong> de la marque, eux-m\u00eames confectionn\u00e9s avec des <strong>chutes de production de v\u00eatements<\/strong>. Moins de gaspillage, plus de style.<\/p>\n<p>Un accessoire cheveux \u00e9co-responsable et made in France, \u00e0 porter tous les jours\u2026 ou au poignet, comme un joli bracelet textile. \u00c0 s\u2019offrir ou \u00e0 glisser en <strong>petite attention responsable<\/strong> \u00e0 quelqu\u2019un qu\u2019on aime.<\/p>\n","protected":false},"excerpt":{"rendered":"<p>Con\u00e7u et fabriqu\u00e9 \u00e0 la main \u00e0 Paris, ce chouchou en viscose issu de chutes de tissus habille instantan\u00e9ment une queue-de-cheval ou un chignon, avec un maintien souple et confortable. Son volume souligne la coiffure sans casser les cheveux, et sa mati\u00e8re douce limite les marques par rapport \u00e0 un \u00e9lastique fin. Ce mod\u00e8le raconte [&hellip;]<\/p>\n","protected":false},"featured_media":2865129,"comment_status":"open","ping_status":"closed","template":"","meta":[],"product_brand":[],"product_cat":[1756,1764],"product_tag":[1810],"acf":[],"_links":{"self":[{"href":"https:\/\/streetmarkets.fr\/app\/wp-json\/wp\/v2\/product\/2865128"}],"collection":[{"href":"https:\/\/streetmarkets.fr\/app\/wp-json\/wp\/v2\/product"}],"about":[{"href":"https:\/\/streetmarkets.fr\/app\/wp-json\/wp\/v2\/types\/product"}],"replies":[{"embeddable":true,"href":"https:\/\/streetmarkets.fr\/app\/wp-json\/wp\/v2\/comments?post=2865128"}],"wp:featuredmedia":[{"embeddable":true,"href":"https:\/\/streetmarkets.fr\/app\/wp-json\/wp\/v2\/media\/2865129"}],"wp:attachment":[{"href":"https:\/\/streetmarkets.fr\/app\/wp-json\/wp\/v2\/media?parent=2865128"}],"wp:term":[{"taxonomy":"product_brand","embeddable":true,"href":"https:\/\/streetmarkets.fr\/app\/wp-json\/wp\/v2\/product_brand?post=2865128"},{"taxonomy":"product_cat","embeddable":true,"href":"https:\/\/streetmarkets.fr\/app\/wp-json\/wp\/v2\/product_cat?post=2865128"},{"taxonomy":"product_tag","embeddable":true,"href":"https:\/\/streetmarkets.fr\/app\/wp-json\/wp\/v2\/product_tag?post=2865128"}],"curies":[{"name":"wp","href":"https:\/\/api.w.org\/{rel}","templated":true}]}}