{"id":2865123,"date":"2025-10-19T01:15:36","date_gmt":"2025-10-18T23:15:36","guid":{"rendered":"https:\/\/streetmarkets.fr\/app\/produit\/chouchou-calie\/"},"modified":"2025-11-24T00:16:17","modified_gmt":"2025-11-23T23:16:17","slug":"chouchou-calie","status":"publish","type":"product","link":"https:\/\/streetmarkets.fr\/app\/produit\/chouchou-calie\/","title":{"rendered":"Chouchou Calie"},"content":{"rendered":"<p>Ce chouchou ajoute une touche de style en deux secondes et tient sans serrer. Confectionn\u00e9 \u00e0 la main \u00e0 Paris \u00e0 partir de chutes de tissus revaloris\u00e9es, il est l\u2019alli\u00e9 des queues de cheval, chignons et demi-queues qui veulent de la tenue et du relief. Doux et agr\u00e9able au porter, il twiste un jean tee-shirt comme une tenue plus habill\u00e9e. Un accessoire cheveux \u00e9co-responsable et made in France, facile \u00e0 offrir et encore plus facile \u00e0 adopter.<\/p>\n","protected":false},"excerpt":{"rendered":"<p>Ce chouchou ajoute une touche de style en deux secondes et tient sans serrer. Confectionn\u00e9 \u00e0 la main \u00e0 Paris \u00e0 partir de chutes de tissus revaloris\u00e9es, il est l\u2019alli\u00e9 des queues de cheval, chignons et demi-queues qui veulent de la tenue et du relief. Doux et agr\u00e9able au porter, il twiste un jean tee-shirt [&hellip;]<\/p>\n","protected":false},"featured_media":2865124,"comment_status":"open","ping_status":"closed","template":"","meta":[],"product_brand":[],"product_cat":[1756,1764],"product_tag":[1810,1811],"acf":[],"_links":{"self":[{"href":"https:\/\/streetmarkets.fr\/app\/wp-json\/wp\/v2\/product\/2865123"}],"collection":[{"href":"https:\/\/streetmarkets.fr\/app\/wp-json\/wp\/v2\/product"}],"about":[{"href":"https:\/\/streetmarkets.fr\/app\/wp-json\/wp\/v2\/types\/product"}],"replies":[{"embeddable":true,"href":"https:\/\/streetmarkets.fr\/app\/wp-json\/wp\/v2\/comments?post=2865123"}],"wp:featuredmedia":[{"embeddable":true,"href":"https:\/\/streetmarkets.fr\/app\/wp-json\/wp\/v2\/media\/2865124"}],"wp:attachment":[{"href":"https:\/\/streetmarkets.fr\/app\/wp-json\/wp\/v2\/media?parent=2865123"}],"wp:term":[{"taxonomy":"product_brand","embeddable":true,"href":"https:\/\/streetmarkets.fr\/app\/wp-json\/wp\/v2\/product_brand?post=2865123"},{"taxonomy":"product_cat","embeddable":true,"href":"https:\/\/streetmarkets.fr\/app\/wp-json\/wp\/v2\/product_cat?post=2865123"},{"taxonomy":"product_tag","embeddable":true,"href":"https:\/\/streetmarkets.fr\/app\/wp-json\/wp\/v2\/product_tag?post=2865123"}],"curies":[{"name":"wp","href":"https:\/\/api.w.org\/{rel}","templated":true}]}}