{"id":2865109,"date":"2025-10-19T01:14:26","date_gmt":"2025-10-18T23:14:26","guid":{"rendered":"https:\/\/streetmarkets.fr\/app\/produit\/chouchou-asma\/"},"modified":"2025-11-24T00:14:52","modified_gmt":"2025-11-23T23:14:52","slug":"chouchou-asma","status":"publish","type":"product","link":"https:\/\/streetmarkets.fr\/app\/produit\/chouchou-asma\/","title":{"rendered":"Chouchou Asma"},"content":{"rendered":"<p>Chic, pratique et responsable, ce chouchou en tissu est confectionn\u00e9 \u00e0 la main \u00e0 Paris. Il tient la coiffure avec confort et apporte tout de suite une touche color\u00e9e \u00e0 la tenue.<br \/>\nLa mati\u00e8re provient de chutes de tissus utilis\u00e9es pour les headbands de la marque, elles-m\u00eames issues de chutes de production de ses v\u00eatements. Une logique circulaire simple et efficace, sans compromis sur le style.<br \/>\nUn accessoire cheveux made in France, facile \u00e0 offrir et \u00e0 porter au quotidien, pour celles qui veulent un look soign\u00e9\u2026 et des valeurs qui suivent.<\/p>\n","protected":false},"excerpt":{"rendered":"<p>Chic, pratique et responsable, ce chouchou en tissu est confectionn\u00e9 \u00e0 la main \u00e0 Paris. Il tient la coiffure avec confort et apporte tout de suite une touche color\u00e9e \u00e0 la tenue. La mati\u00e8re provient de chutes de tissus utilis\u00e9es pour les headbands de la marque, elles-m\u00eames issues de chutes de production de ses v\u00eatements. [&hellip;]<\/p>\n","protected":false},"featured_media":2865110,"comment_status":"open","ping_status":"closed","template":"","meta":[],"product_brand":[],"product_cat":[1756,1764],"product_tag":[1810],"acf":[],"_links":{"self":[{"href":"https:\/\/streetmarkets.fr\/app\/wp-json\/wp\/v2\/product\/2865109"}],"collection":[{"href":"https:\/\/streetmarkets.fr\/app\/wp-json\/wp\/v2\/product"}],"about":[{"href":"https:\/\/streetmarkets.fr\/app\/wp-json\/wp\/v2\/types\/product"}],"replies":[{"embeddable":true,"href":"https:\/\/streetmarkets.fr\/app\/wp-json\/wp\/v2\/comments?post=2865109"}],"wp:featuredmedia":[{"embeddable":true,"href":"https:\/\/streetmarkets.fr\/app\/wp-json\/wp\/v2\/media\/2865110"}],"wp:attachment":[{"href":"https:\/\/streetmarkets.fr\/app\/wp-json\/wp\/v2\/media?parent=2865109"}],"wp:term":[{"taxonomy":"product_brand","embeddable":true,"href":"https:\/\/streetmarkets.fr\/app\/wp-json\/wp\/v2\/product_brand?post=2865109"},{"taxonomy":"product_cat","embeddable":true,"href":"https:\/\/streetmarkets.fr\/app\/wp-json\/wp\/v2\/product_cat?post=2865109"},{"taxonomy":"product_tag","embeddable":true,"href":"https:\/\/streetmarkets.fr\/app\/wp-json\/wp\/v2\/product_tag?post=2865109"}],"curies":[{"name":"wp","href":"https:\/\/api.w.org\/{rel}","templated":true}]}}