{"id":2865102,"date":"2025-10-19T01:14:26","date_gmt":"2025-10-18T23:14:26","guid":{"rendered":"https:\/\/streetmarkets.fr\/app\/produit\/chouchou-prune\/"},"modified":"2025-11-24T00:14:52","modified_gmt":"2025-11-23T23:14:52","slug":"chouchou-prune","status":"publish","type":"product","link":"https:\/\/streetmarkets.fr\/app\/produit\/chouchou-prune\/","title":{"rendered":"Chouchou Prune"},"content":{"rendered":"<p>Ce chouchou couleur prune met instantan\u00e9ment de la bonne humeur dans une coiffure. Il est con\u00e7u et fabriqu\u00e9 \u00e0 la main \u00e0 Paris, \u00e0 partir de chutes de tissus revaloris\u00e9es. Un petit accessoire, une vraie id\u00e9e pleine de sens.<\/p>\n<p>La mati\u00e8re en polyester issu d\u2019upcycling offre un tomb\u00e9 l\u00e9ger et un maintien confortable pour la queue-de-cheval, le chignon ou la demi-queue. On aime aussi le porter au poignet pour signer une tenue avec une touche color\u00e9e.<\/p>\n<p>Pratique au quotidien, facile \u00e0 entretenir et fabriqu\u00e9 en France, c\u2019est le d\u00e9tail chic qui change tout, \u00e0 offrir ou \u00e0 s\u2019offrir.<\/p>\n","protected":false},"excerpt":{"rendered":"<p>Ce chouchou couleur prune met instantan\u00e9ment de la bonne humeur dans une coiffure. Il est con\u00e7u et fabriqu\u00e9 \u00e0 la main \u00e0 Paris, \u00e0 partir de chutes de tissus revaloris\u00e9es. Un petit accessoire, une vraie id\u00e9e pleine de sens. La mati\u00e8re en polyester issu d\u2019upcycling offre un tomb\u00e9 l\u00e9ger et un maintien confortable pour la [&hellip;]<\/p>\n","protected":false},"featured_media":2865103,"comment_status":"open","ping_status":"closed","template":"","meta":[],"product_brand":[],"product_cat":[1756,1764],"product_tag":[1810],"acf":[],"_links":{"self":[{"href":"https:\/\/streetmarkets.fr\/app\/wp-json\/wp\/v2\/product\/2865102"}],"collection":[{"href":"https:\/\/streetmarkets.fr\/app\/wp-json\/wp\/v2\/product"}],"about":[{"href":"https:\/\/streetmarkets.fr\/app\/wp-json\/wp\/v2\/types\/product"}],"replies":[{"embeddable":true,"href":"https:\/\/streetmarkets.fr\/app\/wp-json\/wp\/v2\/comments?post=2865102"}],"wp:featuredmedia":[{"embeddable":true,"href":"https:\/\/streetmarkets.fr\/app\/wp-json\/wp\/v2\/media\/2865103"}],"wp:attachment":[{"href":"https:\/\/streetmarkets.fr\/app\/wp-json\/wp\/v2\/media?parent=2865102"}],"wp:term":[{"taxonomy":"product_brand","embeddable":true,"href":"https:\/\/streetmarkets.fr\/app\/wp-json\/wp\/v2\/product_brand?post=2865102"},{"taxonomy":"product_cat","embeddable":true,"href":"https:\/\/streetmarkets.fr\/app\/wp-json\/wp\/v2\/product_cat?post=2865102"},{"taxonomy":"product_tag","embeddable":true,"href":"https:\/\/streetmarkets.fr\/app\/wp-json\/wp\/v2\/product_tag?post=2865102"}],"curies":[{"name":"wp","href":"https:\/\/api.w.org\/{rel}","templated":true}]}}