{"id":2865094,"date":"2025-10-19T01:14:25","date_gmt":"2025-10-18T23:14:25","guid":{"rendered":"https:\/\/streetmarkets.fr\/app\/produit\/chouchou-citrine\/"},"modified":"2025-11-24T00:14:52","modified_gmt":"2025-11-23T23:14:52","slug":"chouchou-citrine","status":"publish","type":"product","link":"https:\/\/streetmarkets.fr\/app\/produit\/chouchou-citrine\/","title":{"rendered":"Chouchou Citrine"},"content":{"rendered":"<p>Ce chouchou apporte la touche de couleur qui change tout. Con\u00e7u et fabriqu\u00e9 \u00e0 la main \u00e0 Paris, il est r\u00e9alis\u00e9 dans des chutes de tissus issues de la confection des headbands et v\u00eatements de la marque. R\u00e9sultat: un accessoire cheveux unique, pens\u00e9 pour durer, qui valorise la mati\u00e8re plut\u00f4t que de la jeter. Son tissu souple en polyester et spandex se manipule facilement et s\u2019adapte \u00e0 vos envies: queue-de-cheval haute, demi-queue, chignon, ou simplement autour du poignet pour relever une tenue. Un essentiel simple, utile et vraiment styl\u00e9, \u00e0 s\u2019offrir ou \u00e0 offrir sans h\u00e9siter.<\/p>\n","protected":false},"excerpt":{"rendered":"<p>Ce chouchou apporte la touche de couleur qui change tout. Con\u00e7u et fabriqu\u00e9 \u00e0 la main \u00e0 Paris, il est r\u00e9alis\u00e9 dans des chutes de tissus issues de la confection des headbands et v\u00eatements de la marque. R\u00e9sultat: un accessoire cheveux unique, pens\u00e9 pour durer, qui valorise la mati\u00e8re plut\u00f4t que de la jeter. Son [&hellip;]<\/p>\n","protected":false},"featured_media":2865095,"comment_status":"open","ping_status":"closed","template":"","meta":[],"product_brand":[],"product_cat":[1756,1764],"product_tag":[1810],"acf":[],"_links":{"self":[{"href":"https:\/\/streetmarkets.fr\/app\/wp-json\/wp\/v2\/product\/2865094"}],"collection":[{"href":"https:\/\/streetmarkets.fr\/app\/wp-json\/wp\/v2\/product"}],"about":[{"href":"https:\/\/streetmarkets.fr\/app\/wp-json\/wp\/v2\/types\/product"}],"replies":[{"embeddable":true,"href":"https:\/\/streetmarkets.fr\/app\/wp-json\/wp\/v2\/comments?post=2865094"}],"wp:featuredmedia":[{"embeddable":true,"href":"https:\/\/streetmarkets.fr\/app\/wp-json\/wp\/v2\/media\/2865095"}],"wp:attachment":[{"href":"https:\/\/streetmarkets.fr\/app\/wp-json\/wp\/v2\/media?parent=2865094"}],"wp:term":[{"taxonomy":"product_brand","embeddable":true,"href":"https:\/\/streetmarkets.fr\/app\/wp-json\/wp\/v2\/product_brand?post=2865094"},{"taxonomy":"product_cat","embeddable":true,"href":"https:\/\/streetmarkets.fr\/app\/wp-json\/wp\/v2\/product_cat?post=2865094"},{"taxonomy":"product_tag","embeddable":true,"href":"https:\/\/streetmarkets.fr\/app\/wp-json\/wp\/v2\/product_tag?post=2865094"}],"curies":[{"name":"wp","href":"https:\/\/api.w.org\/{rel}","templated":true}]}}