{"id":2865086,"date":"2025-10-19T01:14:24","date_gmt":"2025-10-18T23:14:24","guid":{"rendered":"https:\/\/streetmarkets.fr\/app\/produit\/chouchou-malachite\/"},"modified":"2025-11-24T00:14:51","modified_gmt":"2025-11-23T23:14:51","slug":"chouchou-malachite","status":"publish","type":"product","link":"https:\/\/streetmarkets.fr\/app\/produit\/chouchou-malachite\/","title":{"rendered":"Chouchou Malachite"},"content":{"rendered":"<p>Un chouchou aussi joli que fut\u00e9. Con\u00e7u et fabriqu\u00e9 \u00e0 la main \u00e0 Paris, il reprend des chutes de tissus pour leur donner une seconde vie. R\u00e9sultat : un accessoire cheveux durable, pratique et vraiment facile \u00e0 porter.<br \/>\nSon m\u00e9lange polyester\/spandex assure un maintien souple qui accompagne le quotidien sans tirer les longueurs. On l\u2019utilise pour une queue-de-cheval, un chignon rapide, ou simplement au poignet comme petite touche styl\u00e9e. Et comme chaque chute est valoris\u00e9e, on limite les d\u00e9chets textiles tout en colorant son look. Simple, efficace, responsable.<\/p>\n","protected":false},"excerpt":{"rendered":"<p>Un chouchou aussi joli que fut\u00e9. Con\u00e7u et fabriqu\u00e9 \u00e0 la main \u00e0 Paris, il reprend des chutes de tissus pour leur donner une seconde vie. R\u00e9sultat : un accessoire cheveux durable, pratique et vraiment facile \u00e0 porter. Son m\u00e9lange polyester\/spandex assure un maintien souple qui accompagne le quotidien sans tirer les longueurs. On l\u2019utilise [&hellip;]<\/p>\n","protected":false},"featured_media":2865087,"comment_status":"open","ping_status":"closed","template":"","meta":[],"product_brand":[],"product_cat":[1756,1764],"product_tag":[1810],"acf":[],"_links":{"self":[{"href":"https:\/\/streetmarkets.fr\/app\/wp-json\/wp\/v2\/product\/2865086"}],"collection":[{"href":"https:\/\/streetmarkets.fr\/app\/wp-json\/wp\/v2\/product"}],"about":[{"href":"https:\/\/streetmarkets.fr\/app\/wp-json\/wp\/v2\/types\/product"}],"replies":[{"embeddable":true,"href":"https:\/\/streetmarkets.fr\/app\/wp-json\/wp\/v2\/comments?post=2865086"}],"wp:featuredmedia":[{"embeddable":true,"href":"https:\/\/streetmarkets.fr\/app\/wp-json\/wp\/v2\/media\/2865087"}],"wp:attachment":[{"href":"https:\/\/streetmarkets.fr\/app\/wp-json\/wp\/v2\/media?parent=2865086"}],"wp:term":[{"taxonomy":"product_brand","embeddable":true,"href":"https:\/\/streetmarkets.fr\/app\/wp-json\/wp\/v2\/product_brand?post=2865086"},{"taxonomy":"product_cat","embeddable":true,"href":"https:\/\/streetmarkets.fr\/app\/wp-json\/wp\/v2\/product_cat?post=2865086"},{"taxonomy":"product_tag","embeddable":true,"href":"https:\/\/streetmarkets.fr\/app\/wp-json\/wp\/v2\/product_tag?post=2865086"}],"curies":[{"name":"wp","href":"https:\/\/api.w.org\/{rel}","templated":true}]}}