{"id":2865074,"date":"2025-10-19T00:59:07","date_gmt":"2025-10-18T22:59:07","guid":{"rendered":"https:\/\/streetmarkets.fr\/app\/produit\/collier-phalene-lie-de-vin\/"},"modified":"2026-05-12T00:58:48","modified_gmt":"2026-05-11T22:58:48","slug":"collier-phalene-lie-de-vin","status":"publish","type":"product","link":"https:\/\/streetmarkets.fr\/app\/produit\/collier-phalene-lie-de-vin\/","title":{"rendered":"Collier Phal\u00e8ne Lie de Vin"},"content":{"rendered":"<p>Collier Phal\u00e8ne : Le myst\u00e8re d\u2019un envol fig\u00e9..\u00a0<br \/>L&#8217;aile d\u2019un papillon de nuit se d\u00e9ploie doucement avec ce collier mi-long, comme une invitation \u00e0 la po\u00e9sie et au r\u00eave. Une forme ajour\u00e9e &amp; grav\u00e9es avec pr\u00e9cision qui se termine sur une pointe li\u00e9e de r\u00e9sine lie de vin, intense et chaleureuse.<\/p>\n<p>Un bijou d\u00e9licat imagin\u00e9 et fabriqu\u00e9 \u00e0 Paris.<\/p>\n<p>Ce qu\u2019on ressent avec ce collier :<br data-start=\"873\" data-end=\"876\">Un subtil m\u00e9lange de myst\u00e8re et d\u2019onirisme, \u00e0 porter pour donner \u00e0 chaque tenue une touche \u00e0 la fois douce et affirm\u00e9e. Un bijou qui transforme un simple geste en un moment suspendu.<\/p>\n","protected":false},"excerpt":{"rendered":"<p>Collier Phal\u00e8ne : Le myst\u00e8re d\u2019un envol fig\u00e9..\u00a0L&#8217;aile d\u2019un papillon de nuit se d\u00e9ploie doucement avec ce collier mi-long, comme une invitation \u00e0 la po\u00e9sie et au r\u00eave. Une forme ajour\u00e9e &amp; grav\u00e9es avec pr\u00e9cision qui se termine sur une pointe li\u00e9e de r\u00e9sine lie de vin, intense et chaleureuse. Un bijou d\u00e9licat imagin\u00e9 et [&hellip;]<\/p>\n","protected":false},"featured_media":2865075,"comment_status":"open","ping_status":"closed","template":"","meta":[],"product_brand":[],"product_cat":[1807,1756],"product_tag":[1813],"acf":[],"_links":{"self":[{"href":"https:\/\/streetmarkets.fr\/app\/wp-json\/wp\/v2\/product\/2865074"}],"collection":[{"href":"https:\/\/streetmarkets.fr\/app\/wp-json\/wp\/v2\/product"}],"about":[{"href":"https:\/\/streetmarkets.fr\/app\/wp-json\/wp\/v2\/types\/product"}],"replies":[{"embeddable":true,"href":"https:\/\/streetmarkets.fr\/app\/wp-json\/wp\/v2\/comments?post=2865074"}],"wp:featuredmedia":[{"embeddable":true,"href":"https:\/\/streetmarkets.fr\/app\/wp-json\/wp\/v2\/media\/2865075"}],"wp:attachment":[{"href":"https:\/\/streetmarkets.fr\/app\/wp-json\/wp\/v2\/media?parent=2865074"}],"wp:term":[{"taxonomy":"product_brand","embeddable":true,"href":"https:\/\/streetmarkets.fr\/app\/wp-json\/wp\/v2\/product_brand?post=2865074"},{"taxonomy":"product_cat","embeddable":true,"href":"https:\/\/streetmarkets.fr\/app\/wp-json\/wp\/v2\/product_cat?post=2865074"},{"taxonomy":"product_tag","embeddable":true,"href":"https:\/\/streetmarkets.fr\/app\/wp-json\/wp\/v2\/product_tag?post=2865074"}],"curies":[{"name":"wp","href":"https:\/\/api.w.org\/{rel}","templated":true}]}}