{"id":2864997,"date":"2025-10-18T05:59:16","date_gmt":"2025-10-18T03:59:16","guid":{"rendered":"https:\/\/streetmarkets.fr\/app\/produit\/chanel-grey-tweed-gold-button-jacket\/"},"modified":"2026-04-04T05:50:46","modified_gmt":"2026-04-04T03:50:46","slug":"chanel-grey-tweed-gold-button-jacket","status":"publish","type":"product","link":"https:\/\/streetmarkets.fr\/app\/produit\/chanel-grey-tweed-gold-button-jacket\/","title":{"rendered":"CHANEL &#8211; Grey Tweed Gold button jacket"},"content":{"rendered":"<p>Brand : CHANEL<\/p>\n<p>Grey Tweed Gold button jacket<\/p>\n<p>Made In France&nbsp;<\/p>\n<p>Collection 93A<\/p>\n<p>Materials : Acetate \/ Cotton \/ Rayon \/ Polyester<\/p>\n<p>Lining : 100% silk<\/p>\n<p>&nbsp;<\/p>\n<p>Dimensions : 42<\/p>\n<p>Shoulders : 16 inches&nbsp;<\/p>\n<p>Bust : 32&nbsp;inches&nbsp;<\/p>\n<p>Waist : 38 inches&nbsp;<\/p>\n<p>Hips : 42 inches&nbsp;<\/p>\n<p>Lenght : 30 inches&nbsp;<\/p>\n<p>&nbsp;<\/p>\n<p>Condition : Excellent&nbsp;<\/p>\n<p>CONDITION GUIDE: <\/p>\n<p>English<\/p>\n<p>Pristine<\/p>\n<p>Item is in perfect condition with no signs of wear. Often includes original tags, packaging, and documentation.<\/p>\n<p>\nExcellent<\/p>\n<p>Very minimal signs of wear, often only noticeable upon close inspection. No significant scratches, stains, or damage.<\/p>\n<p>\nVery Good<\/p>\n<p>Light wear that is noticeable but not significant. Minor scratches, small marks, or slight fading may be present.<\/p>\n<p>\nGood<\/p>\n<p>Visible signs of wear such as scratches, stains, or minor damage. Still functional and aesthetically pleasing.<\/p>\n<p>Fair<\/p>\n<p>Noticeable and significant signs of wear. Functional, but with obvious defects or damage that may require repair.<\/p>\n<p>Fran\u00e7ais<\/p>\n<p>En parfait \u00e9tat<\/p>\n<p>L&#8217;article est en parfait \u00e9tat et ne pr\u00e9sente aucun signe d&#8217;usure. Il comprend souvent les \u00e9tiquettes, l&#8217;emballage et la documentation d&#8217;origine.<\/p>\n<p>\nExcellent<\/p>\n<p>Signes d&#8217;usure tr\u00e8s minimes, souvent perceptibles uniquement lors d&#8217;un examen approfondi. Pas de rayures, de taches ou de dommages importants.<\/p>\n<p>\nTr\u00e8s bon<\/p>\n<p>L\u00e9g\u00e8re usure perceptible mais non significative. Des rayures mineures, de petites marques ou une l\u00e9g\u00e8re d\u00e9coloration peuvent \u00eatre pr\u00e9sentes.<\/p>\n<p>\nBon<\/p>\n<p>Signes d&#8217;usure visibles tels que des rayures, des taches ou des dommages mineurs. Encore fonctionnel et esth\u00e9tiquement plaisant.<\/p>\n<p>Moyen<\/p>\n<p>Signes d&#8217;usure visibles et importants. Fonctionnel, mais avec des d\u00e9fauts ou des dommages \u00e9vidents qui peuvent n\u00e9cessiter des r\u00e9parations.<\/p>\n<p><\/p>\n","protected":false},"excerpt":{"rendered":"<p>Brand : CHANEL Grey Tweed Gold button jacket Made In France&nbsp; Collection 93A Materials : Acetate \/ Cotton \/ Rayon \/ Polyester Lining : 100% silk &nbsp; Dimensions : 42 Shoulders : 16 inches&nbsp; Bust : 32&nbsp;inches&nbsp; Waist : 38 inches&nbsp; Hips : 42 inches&nbsp; Lenght : 30 inches&nbsp; &nbsp; Condition : Excellent&nbsp; CONDITION GUIDE: [&hellip;]<\/p>\n","protected":false},"featured_media":2864998,"comment_status":"open","ping_status":"closed","template":"","meta":[],"product_brand":[],"product_cat":[1756,1762],"product_tag":[2244,2122],"acf":[],"_links":{"self":[{"href":"https:\/\/streetmarkets.fr\/app\/wp-json\/wp\/v2\/product\/2864997"}],"collection":[{"href":"https:\/\/streetmarkets.fr\/app\/wp-json\/wp\/v2\/product"}],"about":[{"href":"https:\/\/streetmarkets.fr\/app\/wp-json\/wp\/v2\/types\/product"}],"replies":[{"embeddable":true,"href":"https:\/\/streetmarkets.fr\/app\/wp-json\/wp\/v2\/comments?post=2864997"}],"wp:featuredmedia":[{"embeddable":true,"href":"https:\/\/streetmarkets.fr\/app\/wp-json\/wp\/v2\/media\/2864998"}],"wp:attachment":[{"href":"https:\/\/streetmarkets.fr\/app\/wp-json\/wp\/v2\/media?parent=2864997"}],"wp:term":[{"taxonomy":"product_brand","embeddable":true,"href":"https:\/\/streetmarkets.fr\/app\/wp-json\/wp\/v2\/product_brand?post=2864997"},{"taxonomy":"product_cat","embeddable":true,"href":"https:\/\/streetmarkets.fr\/app\/wp-json\/wp\/v2\/product_cat?post=2864997"},{"taxonomy":"product_tag","embeddable":true,"href":"https:\/\/streetmarkets.fr\/app\/wp-json\/wp\/v2\/product_tag?post=2864997"}],"curies":[{"name":"wp","href":"https:\/\/api.w.org\/{rel}","templated":true}]}}