{"id":2859862,"date":"2025-10-18T01:53:07","date_gmt":"2025-10-17T23:53:07","guid":{"rendered":"https:\/\/streetmarkets.fr\/app\/produit\/pins-pink-nutcracker\/"},"modified":"2026-04-11T01:49:48","modified_gmt":"2026-04-10T23:49:48","slug":"pins-pink-nutcracker","status":"publish","type":"product","link":"https:\/\/streetmarkets.fr\/app\/produit\/pins-pink-nutcracker\/","title":{"rendered":"Pin&#8217;s &#8211; Pink Nutcracker"},"content":{"rendered":"<div class=\"prdescription\" style=\"text-align: left\">\n<div class=\"prdescription\">\n<div class=\"prdescription\">\n<div class=\"Polaris-Popover__ContentContainer\">\n<div id=\":r2k4:\" class=\"Polaris-Popover__Content Polaris-Popover__Content--fluidContent\">\n<div class=\"Polaris-Popover__Pane Polaris-Scrollable Polaris-Scrollable--vertical Polaris-Scrollable--horizontal\" data-polaris-scrollable=\"true\">\n<div class=\"_PopoverContainer_1o103_1\">\n<div class=\"Polaris-Popover__Pane Polaris-Scrollable Polaris-Scrollable--vertical Polaris-Scrollable--horizontal\" data-polaris-scrollable=\"true\">\n<div class=\"_Container_1kcqz_1\">\n<div class=\"_Vertical_1kcqz_9\">\n<div class=\"_VerticalLayout_tmqkl_40\">\n<div class=\"_OutputSection_tmqkl_1\">\n<div class=\"_ContentWrapper_tmqkl_19\">\n<div class=\"_Content_tmqkl_19 _VerticalContent_tmqkl_45 Polaris-Scrollable Polaris-Scrollable--vertical Polaris-Scrollable--horizontal\" data-polaris-scrollable=\"true\">\n<div class=\"Polaris-Box\">\n<div class=\"Polaris-InlineStack\">\n<div class=\"_TextOutput_zc9gg_1\">\n<div class=\"_PlainText_zc9gg_26 _Vertical_zc9gg_21\">\n<div class=\"Polaris-Popover__ContentContainer\">\n<div class=\"Polaris-Popover__Content Polaris-Popover__Content--fluidContent\" id=\":r6e:\">\n<div data-polaris-scrollable=\"true\" class=\"Polaris-Popover__Pane Polaris-Scrollable Polaris-Scrollable--vertical Polaris-Scrollable--horizontal\">\n<div class=\"_PopoverContainer_1o103_1\">\n<div data-polaris-scrollable=\"true\" class=\"Polaris-Popover__Pane Polaris-Scrollable Polaris-Scrollable--vertical Polaris-Scrollable--horizontal\">\n<div class=\"_Container_1kcqz_1\">\n<div class=\"_Vertical_1kcqz_9\">\n<div class=\"_VerticalLayout_tmqkl_40\">\n<div class=\"_OutputSection_tmqkl_1\">\n<div class=\"_ContentWrapper_tmqkl_19\">\n<div data-polaris-scrollable=\"true\" class=\"_Content_tmqkl_19 _VerticalContent_tmqkl_45 Polaris-Scrollable Polaris-Scrollable--vertical Polaris-Scrollable--horizontal\">\n<div class=\"Polaris-Box\">\n<div class=\"Polaris-InlineStack\">\n<div class=\"_TextOutput_zc9gg_1\">\n<div class=\"_PlainText_zc9gg_26 _Vertical_zc9gg_21\">Apportez une touche de fantaisie \u00e0 votre tenue avec ce pin&#8217;s &#8220;Pink Nutcracker&#8221;.<\/div>\n<div class=\"_PlainText_zc9gg_26 _Vertical_zc9gg_21\"><\/div>\n<div class=\"_PlainText_zc9gg_26 _Vertical_zc9gg_21\">Ajoutez une note d&#8217;originalit\u00e9 \u00e0 vos accessoires avec ce pin&#8217;s unique.<\/div>\n<\/div>\n<\/div>\n<\/div>\n<\/div>\n<\/div>\n<\/div>\n<\/div>\n<\/div>\n<\/div>\n<\/div>\n<\/div>\n<\/div>\n<\/div>\n<\/div>\n<\/div>\n<\/div>\n<\/div>\n<\/div>\n<\/div>\n<\/div>\n<\/div>\n<\/div>\n<\/div>\n<\/div>\n<\/div>\n<\/div>\n<\/div>\n<\/div>\n<\/div>\n<\/div>\n<\/div>\n<\/div>\n","protected":false},"excerpt":{"rendered":"<p>Apportez une touche de fantaisie \u00e0 votre tenue avec ce pin&#8217;s &#8220;Pink Nutcracker&#8221;. Ajoutez une note d&#8217;originalit\u00e9 \u00e0 vos accessoires avec ce pin&#8217;s unique.<\/p>\n","protected":false},"featured_media":2859863,"comment_status":"open","ping_status":"closed","template":"","meta":[],"product_brand":[],"product_cat":[1756,1764],"product_tag":[2244],"acf":[],"_links":{"self":[{"href":"https:\/\/streetmarkets.fr\/app\/wp-json\/wp\/v2\/product\/2859862"}],"collection":[{"href":"https:\/\/streetmarkets.fr\/app\/wp-json\/wp\/v2\/product"}],"about":[{"href":"https:\/\/streetmarkets.fr\/app\/wp-json\/wp\/v2\/types\/product"}],"replies":[{"embeddable":true,"href":"https:\/\/streetmarkets.fr\/app\/wp-json\/wp\/v2\/comments?post=2859862"}],"wp:featuredmedia":[{"embeddable":true,"href":"https:\/\/streetmarkets.fr\/app\/wp-json\/wp\/v2\/media\/2859863"}],"wp:attachment":[{"href":"https:\/\/streetmarkets.fr\/app\/wp-json\/wp\/v2\/media?parent=2859862"}],"wp:term":[{"taxonomy":"product_brand","embeddable":true,"href":"https:\/\/streetmarkets.fr\/app\/wp-json\/wp\/v2\/product_brand?post=2859862"},{"taxonomy":"product_cat","embeddable":true,"href":"https:\/\/streetmarkets.fr\/app\/wp-json\/wp\/v2\/product_cat?post=2859862"},{"taxonomy":"product_tag","embeddable":true,"href":"https:\/\/streetmarkets.fr\/app\/wp-json\/wp\/v2\/product_tag?post=2859862"}],"curies":[{"name":"wp","href":"https:\/\/api.w.org\/{rel}","templated":true}]}}